{"id":4249,"date":"2017-02-27T00:10:25","date_gmt":"2017-02-26T23:10:25","guid":{"rendered":"http:\/\/mojateporlavida.org\/?page_id=4249"},"modified":"2017-04-02T17:36:34","modified_gmt":"2017-04-02T16:36:34","slug":"senderismo","status":"publish","type":"page","link":"https:\/\/mojateporlavida.org\/?page_id=4249","title":{"rendered":"Senderismo"},"content":{"rendered":"<section id=\"bt_section69ef7ad0d928c\"  class=\"boldSection topLargeSpaced bottomSpaced gutter inherit bt_yt_video\"  data-property=\"{videoURL:'https:\/\/youtu.be\/Rc10xCSsZQs',containment:'self',showControls:false,showYTLogo:false,mute:true,stopMovieOnBlur:false,opacity:1}\"><div class=\"port\"><div class=\"boldCell\"><div class=\"boldCellInner\"><\/div><\/div><\/div><\/section><section id=\"bt_section69ef7ad0d9357\"  class=\"boldSection gutter\" ><div class=\"port\"><div class=\"boldCell\"><div class=\"boldCellInner\"><div class=\"boldRow \" ><div class=\"boldRowInner\"><div class=\"rowItem col-md-12 col-ms-12  btTextLeft\"  data-width=\"12\"><div class=\"rowItemContent\" ><div class=\"btText\" ><h2 style=\"text-align: center;\"><em>Senderismo<br \/>\n<\/em><\/h2>\n<\/div><\/div><\/div><\/div><\/div><\/div><\/div><\/div><\/section><section id=\"bt_section69ef7ad0d9836\"  class=\"boldSection gutter\" ><div class=\"port\"><div class=\"boldCell\"><div class=\"boldCellInner\"><div class=\"boldRow \" ><div class=\"boldRowInner\"><div class=\"rowItem col-md-4 col-ms-12 btTextLeft\"  data-width=\"4\"><div class=\"rowItemContent\" ><div class=\"btTabs tabsHorizontal\"><ul class=\"tabsHeader\"><li><span>Descripci\u00f3n<\/span><\/li><li><span>Horarios<\/span><\/li><li><span>Inscripciones<\/span><\/li><\/ul><div class=\"tabPanes tabPanesTabs\"><div class=\"tabPane\">\n\t\t\t<div class=\"tabAccordionContent\"><div class=\"btText\" ><p>El donativo ser\u00e1 de 10 \u20ac\/participante si es la primera actividad.<br \/>\nSe le dar\u00e1 a cada persona una bolsa con: una camiseta, y un botell\u00edn de agua.<\/p>\n<p>Si ya es la\u00a0 segunda actividad, el donativo ser\u00e1 de 5 \u20ac sin camiseta y 10 \u20ac con camiseta.<\/p>\n<p>RECUERDA: Las personas que se inscriban a alguna actividad distinta del AEROBITHON tendr\u00e1n de forma gratuita libre el acceso al mismo.<\/p>\n<div class=\"gmail_default\">Realizaremos senderismo en sesi\u00f3n de ma\u00f1ana de 10:00 a 13:00 y de tarde de 17:00 a 19:30, en dos modalidades diferentes:<\/div>\n<div class=\"gmail_default\">&#8211; <u>Juego de Orientaci\u00f3n en la Algaida<\/u>: destinada a grupos familiares o equipos de amigos, sin l\u00edmite de edad. Se realizar\u00e1 una ruta de unos 5 km divertida, conociendo los valores del entorno y buscando informaci\u00f3n a trav\u00e9s de juegos en los paneles interpretativos y en el paisaje de la Ribera de la Algaida<\/div>\n<div class=\"gmail_default\">&#8211; <u>Senderismo interpretativo<\/u>: ruta de senderismo de 8 km circular poniendo en valor el patrimonio natural y cultural de la Ribera de La Algaida. Para adultos y ni\u00f1os a partir de 12 a\u00f1os<\/div>\n<\/div><\/div>\n\t\t<\/div><div class=\"tabPane\">\n\t\t\t<div class=\"tabAccordionContent\"><div class=\"btText\" ><p>Hay dos sesiones de Senderismo<\/p>\n<ul>\n<li>1\u00aa De 10:00 a 13:00.<\/li>\n<li>2\u00aa De 17:00 a 19:30.<\/li>\n<li>\n<div class=\"gmail_default\">Realizaremos senderismo en sesi\u00f3n de ma\u00f1ana de 10:00 a 13:00 y de tarde de 17:00 a 19:30, en dos modalidades diferentes:<\/div>\n<div class=\"gmail_default\">&#8211; <u>Juego de Orientaci\u00f3n en la Algaida<\/u>: destinada a grupos familiares o equipos de amigos, sin l\u00edmite de edad. Se realizar\u00e1 una ruta de unos 5 km divertida, conociendo los valores del entorno y buscando informaci\u00f3n a trav\u00e9s de juegos en los paneles interpretativos y en el paisaje de la Ribera de la Algaida<\/div>\n<div class=\"gmail_default\">&#8211; <u>Senderismo interpretativo<\/u>: ruta de senderismo de 8 km circular poniendo en valor el patrimonio natural y cultural de la Ribera de La Algaida. Para adultos y ni\u00f1os a partir de 12 a\u00f1os<\/div>\n<\/li>\n<\/ul>\n<\/div><\/div>\n\t\t<\/div><div class=\"tabPane\">\n\t\t\t<div class=\"tabAccordionContent\"><div class=\"btText\" ><p><a href=\"https:\/\/docs.google.com\/forms\/d\/e\/1FAIpQLSfZIBQpjhhNUTeuHeLSWxDq3OYuuORV8EQe8PYrIYiZFzjASA\/viewform?c=0&amp;w=1\">Inscripciones, rellenando el siguiente formulario.<\/a><\/p>\n<\/div><\/div>\n\t\t<\/div><\/div><\/div><\/div><\/div><div class=\"rowItem col-md-4 col-ms-12 btTextLeft\"  data-width=\"4\"><div class=\"rowItemContent\" ><div class=\"bpgPhoto \" ><div class = \"btImage\"><img src=\"https:\/\/mojateporlavida.org\/wp-content\/uploads\/2017\/02\/121senderismo.jpg\" alt=\"\" title=\"M\u00e1s Informaci\u00f3n\"><\/div><\/div><\/div><\/div><div class=\"rowItem col-md-4 col-ms-12 btTextLeft\"  data-width=\"4\"><div class=\"rowItemContent\" ><\/div><\/div><\/div><\/div><\/div><\/div><\/div><\/section><section id=\"bt_section69ef7ad0da0ce\"  class=\"boldSection gutter\" ><div class=\"port\"><div class=\"boldCell\"><div class=\"boldCellInner\"><div class=\"boldRow \" ><div class=\"boldRowInner\"><div class=\"rowItem col-md-12 col-ms-12  btTextLeft\"  data-width=\"12\"><div class=\"rowItemContent\" ><div class=\"btClear btSeparator topSmallSpaced bottomSmallSpaced noBorder\" ><hr><\/div><div class=\"btText\" ><h2 style=\"text-align: center;\">COLABORADORES<\/h2>\n<\/div><div class=\"btClear btSeparator topSmallSpaced bottomSmallSpaced noBorder\" ><hr><\/div><div class=\"boldClientRegularList btCarouselSmallNav\"><div class=\"\"><div class=\"bclItem \"><div class=\"bclItemChild\"><img class=\"bclItemChildAspectImage\" src = \"https:\/\/mojateporlavida.org\/wp-content\/themes\/kids-club\/gfx\/aspect-square.png\" alt=\"Aspect image\"><div class=\"bclItemChildBg\" style=\"background-image:url(https:\/\/mojateporlavida.org\/wp-content\/uploads\/2017\/02\/ayto-ROQUETAS-DEPORTES.png);\"><a href=\"http:\/\/www.aytoroquetas.org\/deportes-y-tiempo-libre\"><\/a><\/div><div class=\"bclItemChildContent\"><\/div><\/div><\/div><div class=\"bclItem \"><div class=\"bclItemChild\"><img class=\"bclItemChildAspectImage\" src = \"https:\/\/mojateporlavida.org\/wp-content\/themes\/kids-club\/gfx\/aspect-square.png\" alt=\"Aspect image\"><div class=\"bclItemChildBg\" style=\"background-image:url(https:\/\/mojateporlavida.org\/wp-content\/uploads\/2017\/02\/cruz.png);\"><a href=\"http:\/\/www.cruzber.com\/\"><\/a><\/div><div class=\"bclItemChildContent\"><\/div><\/div><\/div><div class=\"bclItem \"><div class=\"bclItemChild\"><img class=\"bclItemChildAspectImage\" src = \"https:\/\/mojateporlavida.org\/wp-content\/themes\/kids-club\/gfx\/aspect-square.png\" alt=\"Aspect image\"><div class=\"bclItemChildBg\" style=\"background-image:url(https:\/\/mojateporlavida.org\/wp-content\/uploads\/2017\/02\/unnamed-1-640x567.jpg);\"><a href=\"http:\/\/redcomercial.peugeot.es\/psa-retail-almeria\"><\/a><\/div><div class=\"bclItemChildContent\"><\/div><\/div><\/div><div class=\"bclItem \"><div class=\"bclItemChild\"><img class=\"bclItemChildAspectImage\" src = \"https:\/\/mojateporlavida.org\/wp-content\/themes\/kids-club\/gfx\/aspect-square.png\" alt=\"Aspect image\"><div class=\"bclItemChildBg\" style=\"background-image:url(https:\/\/mojateporlavida.org\/wp-content\/uploads\/2017\/02\/decathlon-vi\u0301car-640x176.png);\"><a href=\"https:\/\/www.decathlon.es\/es\/store?store_id=PS_ES_59\"><\/a><\/div><div class=\"bclItemChildContent\"><\/div><\/div><\/div><div class=\"bclItem \"><div class=\"bclItemChild\"><img class=\"bclItemChildAspectImage\" src = \"https:\/\/mojateporlavida.org\/wp-content\/themes\/kids-club\/gfx\/aspect-square.png\" alt=\"Aspect image\"><div class=\"bclItemChildBg\" style=\"background-image:url(https:\/\/mojateporlavida.org\/wp-content\/uploads\/2017\/02\/logo-nutrisport-web-640x167.png);\"><a href=\"https:\/\/nutrisport.es\/\"><\/a><\/div><div class=\"bclItemChildContent\"><\/div><\/div><\/div><div class=\"bclItem \"><div class=\"bclItemChild\"><img class=\"bclItemChildAspectImage\" src = \"https:\/\/mojateporlavida.org\/wp-content\/themes\/kids-club\/gfx\/aspect-square.png\" alt=\"Aspect image\"><div class=\"bclItemChildBg\" style=\"background-image:url(https:\/\/mojateporlavida.org\/wp-content\/uploads\/2017\/02\/LOGO-RADIOMARCA-NEW-DIAL.jpg);\"><a href=\"https:\/\/www.radiomarcaalmeria.com\/\"><\/a><\/div><div class=\"bclItemChildContent\"><\/div><\/div><\/div><div class=\"bclItem \"><div class=\"bclItemChild\"><img class=\"bclItemChildAspectImage\" src = \"https:\/\/mojateporlavida.org\/wp-content\/themes\/kids-club\/gfx\/aspect-square.png\" alt=\"Aspect image\"><div class=\"bclItemChildBg\" style=\"background-image:url(https:\/\/mojateporlavida.org\/wp-content\/uploads\/2017\/02\/estrella-dam.jpg);\"><a href=\"http:\/\/www.estrelladamm.com\/es\/\"><\/a><\/div><div class=\"bclItemChildContent\"><\/div><\/div><\/div><div class=\"bclItem \"><div class=\"bclItemChild\"><img class=\"bclItemChildAspectImage\" src = \"https:\/\/mojateporlavida.org\/wp-content\/themes\/kids-club\/gfx\/aspect-square.png\" alt=\"Aspect image\"><div class=\"bclItemChildBg\" style=\"background-image:url(https:\/\/mojateporlavida.org\/wp-content\/uploads\/2017\/02\/mcdonalds-640x437.jpg);\"><a href=\"http:\/\/www.mcdonalds.es\/restaurante\/almeria\/roquetas-de-mar-centro-comercial-gran-plaza\"><\/a><\/div><div class=\"bclItemChildContent\"><\/div><\/div><\/div><div class=\"bclItem \"><div class=\"bclItemChild\"><img class=\"bclItemChildAspectImage\" src = \"https:\/\/mojateporlavida.org\/wp-content\/themes\/kids-club\/gfx\/aspect-square.png\" alt=\"Aspect image\"><div class=\"bclItemChildBg\" style=\"background-image:url(https:\/\/mojateporlavida.org\/wp-content\/uploads\/2017\/02\/Club-de-padelr.jpg);\"><a href=\"https:\/\/www.facebook.com\/clubpadelroquetas\/\"><\/a><\/div><div class=\"bclItemChildContent\"><\/div><\/div><\/div><div class=\"bclItem \"><div class=\"bclItemChild\"><img class=\"bclItemChildAspectImage\" src = \"https:\/\/mojateporlavida.org\/wp-content\/themes\/kids-club\/gfx\/aspect-square.png\" alt=\"Aspect image\"><div class=\"bclItemChildBg\" style=\"background-image:url(https:\/\/mojateporlavida.org\/wp-content\/uploads\/2017\/02\/cmf-horizontal-small-con-lema.jpg);\"><a href=\"http:\/\/www.conmasfuturo.es\/\"><\/a><\/div><div class=\"bclItemChildContent\"><\/div><\/div><\/div><\/div><\/div><div class=\"btClear btSeparator topSpaced bottomSpaced noBorder\" ><hr><\/div><\/div><\/div><\/div><\/div><\/div><\/div><\/div><\/section><section id=\"bt_section69ef7ad0dba62\"  class=\"boldSection gutter\" ><div class=\"port\"><div class=\"boldCell\"><div class=\"boldCellInner\"><\/div><\/div><\/div><\/section>","protected":false},"excerpt":{"rendered":"","protected":false},"author":1,"featured_media":0,"parent":4121,"menu_order":0,"comment_status":"closed","ping_status":"closed","template":"","meta":[],"_links":{"self":[{"href":"https:\/\/mojateporlavida.org\/index.php?rest_route=\/wp\/v2\/pages\/4249"}],"collection":[{"href":"https:\/\/mojateporlavida.org\/index.php?rest_route=\/wp\/v2\/pages"}],"about":[{"href":"https:\/\/mojateporlavida.org\/index.php?rest_route=\/wp\/v2\/types\/page"}],"author":[{"embeddable":true,"href":"https:\/\/mojateporlavida.org\/index.php?rest_route=\/wp\/v2\/users\/1"}],"replies":[{"embeddable":true,"href":"https:\/\/mojateporlavida.org\/index.php?rest_route=%2Fwp%2Fv2%2Fcomments&post=4249"}],"version-history":[{"count":6,"href":"https:\/\/mojateporlavida.org\/index.php?rest_route=\/wp\/v2\/pages\/4249\/revisions"}],"predecessor-version":[{"id":4529,"href":"https:\/\/mojateporlavida.org\/index.php?rest_route=\/wp\/v2\/pages\/4249\/revisions\/4529"}],"up":[{"embeddable":true,"href":"https:\/\/mojateporlavida.org\/index.php?rest_route=\/wp\/v2\/pages\/4121"}],"wp:attachment":[{"href":"https:\/\/mojateporlavida.org\/index.php?rest_route=%2Fwp%2Fv2%2Fmedia&parent=4249"}],"curies":[{"name":"wp","href":"https:\/\/api.w.org\/{rel}","templated":true}]}}