{"id":4215,"date":"2017-02-26T21:08:32","date_gmt":"2017-02-26T20:08:32","guid":{"rendered":"http:\/\/mojateporlavida.org\/?page_id=4215"},"modified":"2017-04-02T17:32:40","modified_gmt":"2017-04-02T16:32:40","slug":"aerobithon","status":"publish","type":"page","link":"https:\/\/mojateporlavida.org\/?page_id=4215","title":{"rendered":"Aerobith\u00f3n"},"content":{"rendered":"<section id=\"bt_section69ef961691c95\"  class=\"boldSection gutter inherit bt_yt_video\"  data-property=\"{videoURL:'https:\/\/youtu.be\/tCa6MrCRyro',containment:'self',showControls:false,showYTLogo:false,mute:true,stopMovieOnBlur:false,opacity:1}\"><div class=\"port\"><div class=\"boldCell\"><div class=\"boldCellInner\"><div class=\"boldRow \" ><div class=\"boldRowInner\"><div class=\"rowItem col-md-12 col-ms-12  btTextLeft\"  data-width=\"12\"><div class=\"rowItemContent\" ><div class=\"btClear btSeparator topLargeSpaced bottomLargeSpaced noBorder\" ><hr><\/div><\/div><\/div><\/div><\/div><\/div><\/div><\/div><\/section><section id=\"bt_section69ef961692095\"  class=\"boldSection gutter\" ><div class=\"port\"><div class=\"boldCell\"><div class=\"boldCellInner\"><div class=\"boldRow \" ><div class=\"boldRowInner\"><div class=\"rowItem col-md-12 col-ms-12  btTextLeft\"  data-width=\"12\"><div class=\"rowItemContent\" ><div class=\"btText\" ><h2 style=\"text-align: center;\"><em>Aerobith\u00f3n<\/em><\/h2>\n<\/div><\/div><\/div><\/div><\/div><div class=\"boldRow \" ><div class=\"boldRowInner\"><div class=\"rowItem col-md-4 col-ms-12 btTextLeft\"  data-width=\"4\"><div class=\"rowItemContent\" ><div class=\"btTabs tabsHorizontal\"><ul class=\"tabsHeader\"><li><span>Descripci\u00f3n<\/span><\/li><li><span>Horarios<\/span><\/li><li><span>Inscripciones<\/span><\/li><\/ul><div class=\"tabPanes tabPanesTabs\"><div class=\"tabPane\">\n\t\t\t<div class=\"tabAccordionContent\"><div class=\"btText\" ><p>Las personas que se inscriban a alguna actividad distinta del AEROBITHON tendr\u00e1n de forma gratuita libre el acceso al mismo. Los que solo deseen participar en el AEROBITHON, deber\u00e1n inscribirse como primera actividad, con donativo de 10 \u20ac, y se les dar\u00eda una camiseta, y un botell\u00edn de agua.<\/p>\n<p>El Aerobith\u00f3n es una actividad con una gran tradici\u00f3n en el Municipio de Roquetas de Mar. Se trata de una gran fiesta en la que pasar un rato divertido, practicando una actividad deportiva colectiva y \u00abmojarse\u00bb a favor de la Investigaci\u00f3n contra el c\u00e1ncer infantil y facilitar la creaci\u00f3n de la Unidad de Tarapias Avanzadas por parte de la Fundaci\u00f3n Cris en el Hospital de la Paz.<\/p>\n<\/div><\/div>\n\t\t<\/div><div class=\"tabPane\">\n\t\t\t<div class=\"tabAccordionContent\"><div class=\"btText\" ><p>El Horario ser\u00e1 de 10:00 a 13:00 horas.<\/p>\n<\/div><\/div>\n\t\t<\/div><div class=\"tabPane\">\n\t\t\t<div class=\"tabAccordionContent\"><div class=\"btText\" ><p><a href=\"https:\/\/docs.google.com\/forms\/d\/e\/1FAIpQLSfZIBQpjhhNUTeuHeLSWxDq3OYuuORV8EQe8PYrIYiZFzjASA\/viewform?c=0&amp;w=1\">Inscripciones, rellenando el siguiente formulario.<\/a><\/p>\n<\/div><\/div>\n\t\t<\/div><\/div><\/div><\/div><\/div><div class=\"rowItem col-md-4 col-ms-12 btTextLeft\"  data-width=\"4\"><div class=\"rowItemContent\" ><div class=\"bpgPhoto \" ><div class = \"btImage\"><img src=\"https:\/\/mojateporlavida.org\/wp-content\/uploads\/2017\/02\/121aerobithon.jpg\" alt=\"\" title=\"Aerobith\u00f3n\"><\/div><\/div><\/div><\/div><div class=\"rowItem col-md-4 col-ms-12 btTextLeft\"  data-width=\"4\"><div class=\"rowItemContent\" ><\/div><\/div><\/div><\/div><\/div><\/div><\/div><\/section><section id=\"bt_section69ef96169352a\"  class=\"boldSection gutter\" ><div class=\"port\"><div class=\"boldCell\"><div class=\"boldCellInner\"><div class=\"boldRow \" ><div class=\"boldRowInner\"><div class=\"rowItem col-md-12 col-ms-12  btTextLeft\"  data-width=\"12\"><div class=\"rowItemContent\" ><\/div><\/div><\/div><\/div><\/div><\/div><\/div><\/section><section id=\"bt_section69ef961693779\"  class=\"boldSection gutter\" ><div class=\"port\"><div class=\"boldCell\"><div class=\"boldCellInner\"><div class=\"boldRow \" ><div class=\"boldRowInner\"><div class=\"rowItem col-md-12 col-ms-12  btTextLeft\"  data-width=\"12\"><div class=\"rowItemContent\" ><div class=\"btClear btSeparator topSmallSpaced bottomSmallSpaced noBorder\" ><hr><\/div><div class=\"btText\" ><h2 style=\"text-align: center;\">COLABORADORES<\/h2>\n<\/div><div class=\"btClear btSeparator topSmallSpaced bottomSmallSpaced noBorder\" ><hr><\/div><div class=\"boldClientRegularList btCarouselSmallNav\"><div class=\"\"><div class=\"bclItem \"><div class=\"bclItemChild\"><img class=\"bclItemChildAspectImage\" src = \"https:\/\/mojateporlavida.org\/wp-content\/themes\/kids-club\/gfx\/aspect-square.png\" alt=\"Aspect image\"><div class=\"bclItemChildBg\" style=\"background-image:url(https:\/\/mojateporlavida.org\/wp-content\/uploads\/2017\/02\/ayto-ROQUETAS-DEPORTES.png);\"><a href=\"http:\/\/www.aytoroquetas.org\/deportes-y-tiempo-libre\"><\/a><\/div><div class=\"bclItemChildContent\"><\/div><\/div><\/div><div class=\"bclItem \"><div class=\"bclItemChild\"><img class=\"bclItemChildAspectImage\" src = \"https:\/\/mojateporlavida.org\/wp-content\/themes\/kids-club\/gfx\/aspect-square.png\" alt=\"Aspect image\"><div class=\"bclItemChildBg\" style=\"background-image:url(https:\/\/mojateporlavida.org\/wp-content\/uploads\/2017\/02\/cruz.png);\"><a href=\"http:\/\/www.cruzber.com\/\"><\/a><\/div><div class=\"bclItemChildContent\"><\/div><\/div><\/div><div class=\"bclItem \"><div class=\"bclItemChild\"><img class=\"bclItemChildAspectImage\" src = \"https:\/\/mojateporlavida.org\/wp-content\/themes\/kids-club\/gfx\/aspect-square.png\" alt=\"Aspect image\"><div class=\"bclItemChildBg\" style=\"background-image:url(https:\/\/mojateporlavida.org\/wp-content\/uploads\/2017\/02\/unnamed-1-640x567.jpg);\"><a href=\"http:\/\/redcomercial.peugeot.es\/psa-retail-almeria\"><\/a><\/div><div class=\"bclItemChildContent\"><\/div><\/div><\/div><div class=\"bclItem \"><div class=\"bclItemChild\"><img class=\"bclItemChildAspectImage\" src = \"https:\/\/mojateporlavida.org\/wp-content\/themes\/kids-club\/gfx\/aspect-square.png\" alt=\"Aspect image\"><div class=\"bclItemChildBg\" style=\"background-image:url(https:\/\/mojateporlavida.org\/wp-content\/uploads\/2017\/02\/decathlon-vi\u0301car-640x176.png);\"><a href=\"https:\/\/www.decathlon.es\/es\/store?store_id=PS_ES_59\"><\/a><\/div><div class=\"bclItemChildContent\"><\/div><\/div><\/div><div class=\"bclItem \"><div class=\"bclItemChild\"><img class=\"bclItemChildAspectImage\" src = \"https:\/\/mojateporlavida.org\/wp-content\/themes\/kids-club\/gfx\/aspect-square.png\" alt=\"Aspect image\"><div class=\"bclItemChildBg\" style=\"background-image:url(https:\/\/mojateporlavida.org\/wp-content\/uploads\/2017\/02\/logo-nutrisport-web-640x167.png);\"><a href=\"https:\/\/nutrisport.es\/\"><\/a><\/div><div class=\"bclItemChildContent\"><\/div><\/div><\/div><div class=\"bclItem \"><div class=\"bclItemChild\"><img class=\"bclItemChildAspectImage\" src = \"https:\/\/mojateporlavida.org\/wp-content\/themes\/kids-club\/gfx\/aspect-square.png\" alt=\"Aspect image\"><div class=\"bclItemChildBg\" style=\"background-image:url(https:\/\/mojateporlavida.org\/wp-content\/uploads\/2017\/02\/LOGO-RADIOMARCA-NEW-DIAL.jpg);\"><a href=\"https:\/\/www.radiomarcaalmeria.com\/\"><\/a><\/div><div class=\"bclItemChildContent\"><\/div><\/div><\/div><div class=\"bclItem \"><div class=\"bclItemChild\"><img class=\"bclItemChildAspectImage\" src = \"https:\/\/mojateporlavida.org\/wp-content\/themes\/kids-club\/gfx\/aspect-square.png\" alt=\"Aspect image\"><div class=\"bclItemChildBg\" style=\"background-image:url(https:\/\/mojateporlavida.org\/wp-content\/uploads\/2017\/02\/estrella-dam.jpg);\"><a href=\"http:\/\/www.estrelladamm.com\/es\/\"><\/a><\/div><div class=\"bclItemChildContent\"><\/div><\/div><\/div><div class=\"bclItem \"><div class=\"bclItemChild\"><img class=\"bclItemChildAspectImage\" src = \"https:\/\/mojateporlavida.org\/wp-content\/themes\/kids-club\/gfx\/aspect-square.png\" alt=\"Aspect image\"><div class=\"bclItemChildBg\" style=\"background-image:url(https:\/\/mojateporlavida.org\/wp-content\/uploads\/2017\/02\/mcdonalds-640x437.jpg);\"><a href=\"http:\/\/www.mcdonalds.es\/restaurante\/almeria\/roquetas-de-mar-centro-comercial-gran-plaza\"><\/a><\/div><div class=\"bclItemChildContent\"><\/div><\/div><\/div><div class=\"bclItem \"><div class=\"bclItemChild\"><img class=\"bclItemChildAspectImage\" src = \"https:\/\/mojateporlavida.org\/wp-content\/themes\/kids-club\/gfx\/aspect-square.png\" alt=\"Aspect image\"><div class=\"bclItemChildBg\" style=\"background-image:url(https:\/\/mojateporlavida.org\/wp-content\/uploads\/2017\/02\/Club-de-padelr.jpg);\"><a href=\"https:\/\/www.facebook.com\/clubpadelroquetas\/\"><\/a><\/div><div class=\"bclItemChildContent\"><\/div><\/div><\/div><div class=\"bclItem \"><div class=\"bclItemChild\"><img class=\"bclItemChildAspectImage\" src = \"https:\/\/mojateporlavida.org\/wp-content\/themes\/kids-club\/gfx\/aspect-square.png\" alt=\"Aspect image\"><div class=\"bclItemChildBg\" style=\"background-image:url(https:\/\/mojateporlavida.org\/wp-content\/uploads\/2017\/02\/cmf-horizontal-small-con-lema.jpg);\"><a href=\"http:\/\/www.conmasfuturo.es\/\"><\/a><\/div><div class=\"bclItemChildContent\"><\/div><\/div><\/div><\/div><\/div><div class=\"btClear btSeparator topSpaced bottomSpaced noBorder\" ><hr><\/div><\/div><\/div><\/div><\/div><\/div><\/div><\/div><\/section>","protected":false},"excerpt":{"rendered":"","protected":false},"author":1,"featured_media":0,"parent":4121,"menu_order":0,"comment_status":"closed","ping_status":"closed","template":"","meta":[],"_links":{"self":[{"href":"https:\/\/mojateporlavida.org\/index.php?rest_route=\/wp\/v2\/pages\/4215"}],"collection":[{"href":"https:\/\/mojateporlavida.org\/index.php?rest_route=\/wp\/v2\/pages"}],"about":[{"href":"https:\/\/mojateporlavida.org\/index.php?rest_route=\/wp\/v2\/types\/page"}],"author":[{"embeddable":true,"href":"https:\/\/mojateporlavida.org\/index.php?rest_route=\/wp\/v2\/users\/1"}],"replies":[{"embeddable":true,"href":"https:\/\/mojateporlavida.org\/index.php?rest_route=%2Fwp%2Fv2%2Fcomments&post=4215"}],"version-history":[{"count":10,"href":"https:\/\/mojateporlavida.org\/index.php?rest_route=\/wp\/v2\/pages\/4215\/revisions"}],"predecessor-version":[{"id":4297,"href":"https:\/\/mojateporlavida.org\/index.php?rest_route=\/wp\/v2\/pages\/4215\/revisions\/4297"}],"up":[{"embeddable":true,"href":"https:\/\/mojateporlavida.org\/index.php?rest_route=\/wp\/v2\/pages\/4121"}],"wp:attachment":[{"href":"https:\/\/mojateporlavida.org\/index.php?rest_route=%2Fwp%2Fv2%2Fmedia&parent=4215"}],"curies":[{"name":"wp","href":"https:\/\/api.w.org\/{rel}","templated":true}]}}