{"id":3662,"date":"2017-01-18T09:28:40","date_gmt":"2017-01-18T08:28:40","guid":{"rendered":"http:\/\/kids-club.bold-themes.com\/main-demo-no-events\/?page_id=3662"},"modified":"2017-07-19T13:50:38","modified_gmt":"2017-07-19T11:50:38","slug":"kindergarden","status":"publish","type":"page","link":"https:\/\/mojateporlavida.org\/?page_id=3662","title":{"rendered":"inicio"},"content":{"rendered":"<section id=\"bt_section69ef7b3ba4c67\"  class=\"boldSection btDarkSkin btMiddleVertical\" style=\"background-color: transparent;\"><div class=\"port\"><div class=\"boldCell\"><div class=\"boldCellInner\"><div class=\"boldRow \" ><div class=\"boldRowInner\"><div class=\"rowItem col-md-12 col-ms-12  btTextLeft\"  data-width=\"12\"><div class=\"rowItemContent\" ><header class=\"header btClear small\" ><div class=\"dash\"><h4><span class=\"headline\">Foto Ferm\u00edn Ruiz Guti\u00e9rrez<\/span><\/h4><\/div><\/header><div class=\"btIconImageRow\" ><div class=\"bpgPhoto  btHasTitles\" ><div class = \"btImage\"><img src=\"https:\/\/mojateporlavida.org\/wp-content\/uploads\/2017\/04\/PORTADA.jpg\" alt=\"\" title=\"Fotograf\u00eda de Ferm\u00edn Ruiz Guti\u00e9rrez\"><\/div><\/div><\/div><\/div><\/div><\/div><\/div><\/div><\/div><\/div><\/section><section id=\"bt_section69ef7b3ba5234\"  class=\"boldSection topLargeSpaced bottomLargeSpaced gutter inherit\" ><div class=\"port\"><div class=\"boldCell\"><div class=\"boldCellInner\"><div class=\"boldRow \" ><div class=\"boldRowInner\"><div class=\"rowItem col-md-4 col-ms-12 btTextLeft\"  data-width=\"4\"><div class=\"rowItemContent\" ><div class=\"bpgPhoto \" ><div class = \"btImage\"><img src=\"https:\/\/mojateporlavida.org\/wp-content\/uploads\/2017\/01\/logomojatecuadrado-320x320.jpg\" alt=\"\" title=\"\"><\/div><\/div><\/div><\/div><div class=\"rowItem col-md-4 col-ms-12 btTextCenter animate animate-fadein inherit\"  data-width=\"4\"><div class=\"rowItemContent\" ><header class=\"header btClear extralarge btDash topDash  btHeaderAccent4\" ><div class=\"btSuperTitle\"><span>\u00a1NOSOTROS NOS MOJAMOS!<\/span><\/div><div class=\"dash\"><h1><span class=\"headline\">ACTIVIDADES QUE VAMOS A HACER<\/span><\/h1><\/div><\/header><\/div><\/div><div class=\"rowItem col-md-4 col-ms-12 btTextLeft animate animate-fadein inherit\"  data-width=\"4\"><div class=\"rowItemContent\" ><div class=\"bpgPhoto \" ><div class = \"btImage\"><img src=\"https:\/\/mojateporlavida.org\/wp-content\/uploads\/2017\/01\/PESCARTES-320x320.jpg\" alt=\"\" title=\"\"><\/div><\/div><\/div><\/div><\/div><\/div><div class=\"boldRow visible-md visible-lg visible-xl\" ><div class=\"boldRowInner\"><div class=\"rowItem col-md-3 col-sm-6 col-ms-12 btTextLeft animate animate-fadein animate-moveright inherit\" style=\"background-color: rgba(79, 180, 205, 1); \" data-width=\"3\"><div class=\"rowItemContent\" ><div class=\"btClear btSeparator topExtraSmallSpaced noBorder\"  style=\"padding-top: 4px;\"><hr><\/div><\/div><\/div><div class=\"rowItem col-md-3 col-sm-6 col-ms-12 btTextLeft animate animate-fadein animate-moveright inherit\" style=\"background-color: rgba(68, 194, 115, 1); \" data-width=\"3\"><div class=\"rowItemContent\" ><div class=\"btClear btSeparator topExtraSmallSpaced noBorder\"  style=\"padding-top: 4px;\"><hr><\/div><\/div><\/div><div class=\"rowItem col-md-3 col-sm-6 col-ms-12 btTextLeft animate animate-fadein animate-moveright inherit\" style=\"background-color: rgba(219, 94, 55, 1); \" data-width=\"3\"><div class=\"rowItemContent\" ><div class=\"btClear btSeparator topExtraSmallSpaced noBorder\"  style=\"padding-top: 4px;\"><hr><\/div><\/div><\/div><div class=\"rowItem col-md-3 col-sm-6 col-ms-12 btTextLeft animate animate-fadein animate-moveright inherit\" style=\"background-color: rgba(218, 167, 34, 1); \" data-width=\"3\"><div class=\"rowItemContent\" ><div class=\"btClear btSeparator topExtraSmallSpaced noBorder\"  style=\"padding-top: 4px;\"><hr><\/div><\/div><\/div><\/div><\/div><div class=\"boldRow \" ><div class=\"boldRowInner\"><div class=\"rowItem col-md-12 col-ms-12  btTextLeft\"  data-width=\"12\"><div class=\"rowItemContent\" ><div class=\"btClear btSeparator topSemiSpaced bottomSemiSpaced noBorder\" ><hr><\/div><\/div><\/div><\/div><\/div><div class=\"boldRow \" ><div class=\"boldRowInner\"><div class=\"rowItem btRightBorder col-md-4 col-ms-12 btTextLeft animate animate-fadein animate-moveup inherit\"  data-width=\"4\"><div class=\"rowItemContent\" ><div class=\"btClear btSeparator topSemiSpaced noBorder\" ><hr><\/div><div class=\"servicesItem  btServicesDefault btIcoBigSizeIcon \"><div class=\"sIcon\"><span class=\"btIco btIcoBigSize btIcoDefaultType btDefaultIcon\"><span  data-ico-fs=\"&#xe989;\" class=\"btIcoHolder\"><\/span><\/span><\/div><div class=\"sTxt\"><header class=\"header btClear small\" ><div class=\"dash\"><h4><span class=\"headline\">12+1 HORAS DE NATACI\u00d3N<\/span><\/h4><\/div><div class=\"btSubTitle\">12+1 Horas de nataci\u00f3n . En Roquetas de Mar, celebraremos un encuentro solidario, con unas 12+1 horas de nataci\u00f3n en piscina y m\u00faltiples actividades paralelas. El Complejo Deportivo Urbano Juan Fern\u00e1dez Gonz\u00e1lez ser\u00e1 el centro de un encuentro deportivo solidario ilusionante. Ya puedes inscribirte e informarte de todas las actividades.<\/div><\/header><\/div><\/div><div class=\"btClear btSeparator topSmallSpaced noBorder\" ><hr><\/div><div class=\"boldRow \" ><div class=\"boldRowInner\"><div class=\"rowItem rowInnerItem col-lg-12  btTextRight inherit animate animate-fadein\"  ><div class=\"rowItemContent\"><a href=\"http:\/\/mojateporlavida.org\/121-horas\/\" class=\"btBtn btBtn btnFilledStyle btnaccent1Color btnSmall btnNormalWidth btnRightPosition btnNoIcon\" ><span class=\"btnInnerText\">M\u00c1S INFORMACI\u00d3N<\/span><\/a><\/div><\/div><\/div><\/div><div class=\"btClear btSeparator topSemiSpaced noBorder\" ><hr><\/div><\/div><\/div><div class=\"rowItem btRightBorder col-md-4 col-ms-12 btTextLeft animate animate-fadein animate-moveup inherit\"  data-width=\"4\"><div class=\"rowItemContent\" ><div class=\"btClear btSeparator topSemiSpaced noBorder\" ><hr><\/div><div class=\"servicesItem  btServicesAccent2 btIcoBigSizeIcon \"><div class=\"sIcon\"><span class=\"btIco btIcoBigSize btIcoDefaultType btAccent2Icon\"><span  data-ico-es=\"&#xe9cc;\" class=\"btIcoHolder\"><\/span><\/span><\/div><div class=\"sTxt\"><header class=\"header btClear small\" ><div class=\"dash\"><h4><span class=\"headline\">FESTIVAL DE M\u00daSICA<\/span><\/h4><\/div><div class=\"btSubTitle\">Organizado por Bandas locales, disfrutaremos de un estupendo concierto solidario.\r<br \/>\r<br \/>Pulsa en el icono para mayor informaci\u00f3n.<\/div><\/header><\/div><\/div><div class=\"btClear btSeparator topSmallSpaced noBorder\" ><hr><\/div><div class=\"boldRow \" ><div class=\"boldRowInner\"><div class=\"rowItem rowInnerItem col-lg-12  btTextRight inherit\"  ><div class=\"rowItemContent\"><a href=\"http:\/\/mojateporlavida.org\/?p=4907%20\" class=\"btBtn btBtn btnFilledStyle btnaccent2Color btnSmall btnNormalWidth btnRightPosition btnNoIcon\" ><span class=\"btnInnerText\">M\u00c1S INFORMACI\u00d3N<\/span><\/a><\/div><\/div><\/div><\/div><div class=\"btClear btSeparator topSemiSpaced noBorder\" ><hr><\/div><\/div><\/div><div class=\"rowItem col-md-4 col-ms-12 btTextLeft animate animate-fadein animate-moveup inherit\"  data-width=\"4\"><div class=\"rowItemContent\" ><div class=\"btClear btSeparator topSemiSpaced noBorder\" ><hr><\/div><div class=\"servicesItem  btServicesAccent3 btIcoBigSizeIcon \"><div class=\"sIcon\"><span class=\"btIco btIcoBigSize btIcoDefaultType btAccent3Icon\"><span  data-ico-fa=\"&#xf1ae;\" class=\"btIcoHolder\"><\/span><\/span><\/div><div class=\"sTxt\"><header class=\"header btClear small\" ><div class=\"dash\"><h4><span class=\"headline\">OWS. CABO DE GATA-N\u00cdJAR<\/span><\/h4><\/div><div class=\"btSubTitle\">Nuestro gran reto y elemento central de nuestro proyecto solidario. 10 nadadores y nadadoras de varios puntos de la geograf\u00eda espa\u00f1ola, nadar\u00e1n los 60 km de costa del Parque Natural de Cabo de Gata-N\u00edjar, en 5 preciosas etapas. En breve m\u00e1s detalles.<\/div><\/header><\/div><\/div><div class=\"btClear btSeparator topSmallSpaced noBorder\" ><hr><\/div><div class=\"boldRow \" ><div class=\"boldRowInner\"><div class=\"rowItem rowInnerItem col-lg-12  btTextRight inherit\"  ><div class=\"rowItemContent\"><a href=\"#\" class=\"btBtn btBtn btnFilledStyle btnaccent3Color btnSmall btnNormalWidth btnRightPosition btnNoIcon\" ><span class=\"btnInnerText\">PR\u00d3XIMAMENTE<\/span><\/a><\/div><\/div><\/div><\/div><div class=\"btClear btSeparator topSemiSpaced noBorder\" ><hr><\/div><\/div><\/div><\/div><\/div><div class=\"boldRow \" ><div class=\"boldRowInner\"><div class=\"rowItem col-md-12 col-ms-12  btTextLeft\"  data-width=\"12\"><div class=\"rowItemContent\" ><div class=\"btClear btSeparator border\" ><hr><\/div><\/div><\/div><\/div><\/div><div class=\"boldRow \" ><div class=\"boldRowInner\"><div class=\"rowItem btRightBorder col-md-4 col-ms-12 btTextLeft animate animate-fadein animate-moveup inherit\"  data-width=\"4\"><div class=\"rowItemContent\" ><div class=\"btClear btSeparator topSemiSpaced noBorder\" ><hr><\/div><div class=\"servicesItem  btServicesAccent4 btIcoBigSizeIcon \"><div class=\"sIcon\"><span class=\"btIco btIcoBigSize btIcoDefaultType btAccent4Icon\"><a href=\"https:\/\/solidarios.criscancer.org\/fundraisers\/cabo-de-gata-swim-project-mojate-por-la-vida\" target=\"_self\" data-ico-fa=\"&#xf1b3;\" class=\"btIcoHolder\"><\/a><\/span><\/div><div class=\"sTxt\"><header class=\"header btClear small\" ><div class=\"dash\"><h4><span class=\"headline\">CROUDFUNDING<\/span><\/h4><\/div><div class=\"btSubTitle\">La forma directa de colaborar con nuestro Reto Deportivo y su fin social, es utilizando la plataforma de donaci\u00f3n que la Fundaci\u00f3n Cris pone a nuestra disposici\u00f3n.Puedes hacer tus aportaciones directamente para el proyecto seleccionado, obtener recibo de donaci\u00f3n, hacer comentarios y realizar un seguimiento de lo recaudado.<\/div><\/header><\/div><\/div><div class=\"btClear btSeparator topSmallSpaced noBorder\" ><hr><\/div><div class=\"boldRow \" ><div class=\"boldRowInner\"><div class=\"rowItem rowInnerItem col-lg-12  btTextRight inherit\"  ><div class=\"rowItemContent\"><a href=\"https:\/\/solidarios.criscancer.org\/fundraisers\/cabo-de-gata-swim-project-mojate-por-la-vida\" class=\"btBtn btBtn btnFilledStyle btnaccent4Color btnSmall btnNormalWidth btnRightPosition btnNoIcon\" ><span class=\"btnInnerText\">M\u00c1S INFORMACI\u00d3N<\/span><\/a><\/div><\/div><\/div><\/div><div class=\"btClear btSeparator topSemiSpaced noBorder\" ><hr><\/div><\/div><\/div><div class=\"rowItem btRightBorder col-md-4 col-ms-12 btTextLeft animate animate-fadein animate-moveup inherit\"  data-width=\"4\"><div class=\"rowItemContent\" ><div class=\"btClear btSeparator topSemiSpaced noBorder\" ><hr><\/div><div class=\"servicesItem  btServicesAccent3 btIcoBigSizeIcon \"><div class=\"sIcon\"><span class=\"btIco btIcoBigSize btIcoDefaultType btAccent3Icon\"><span  data-ico-fa=\"&#xf0c0;\" class=\"btIcoHolder\"><\/span><\/span><\/div><div class=\"sTxt\"><header class=\"header btClear small\" ><div class=\"dash\"><h4><span class=\"headline\">CENA DE GALA<\/span><\/h4><\/div><div class=\"btSubTitle\">En octubre de este a\u00f1o, nos reuniremos en una gran Cena de Gala solidaria, para agradecer a todos los implicados con nuestro proyecto solidario, mostrar los resultados de todo este trabajo y recaudar las \u00faltimas aportaciones.<\/div><\/header><\/div><\/div><div class=\"btClear btSeparator topSmallSpaced noBorder\" ><hr><\/div><div class=\"boldRow \" ><div class=\"boldRowInner\"><div class=\"rowItem rowInnerItem col-lg-12  btTextRight inherit\"  ><div class=\"rowItemContent\"><a href=\"#\" class=\"btBtn btBtn btnFilledStyle btnaccent3Color btnSmall btnNormalWidth btnRightPosition btnNoIcon\" ><span class=\"btnInnerText\">PR\u00d3XIMAMENTE<\/span><\/a><\/div><\/div><\/div><\/div><div class=\"btClear btSeparator topSemiSpaced noBorder\" ><hr><\/div><\/div><\/div><div class=\"rowItem col-md-4 col-ms-12 btTextLeft animate animate-fadein animate-moveup inherit\"  data-width=\"4\"><div class=\"rowItemContent\" ><div class=\"btClear btSeparator topSemiSpaced noBorder\" ><hr><\/div><div class=\"servicesItem  btServicesAccent1 btIcoBigSizeIcon \"><div class=\"sIcon\"><span class=\"btIco btIcoBigSize btIcoDefaultType btAccent1Icon\"><span  data-ico-s7=\"&#xe652;\" class=\"btIcoHolder\"><\/span><\/span><\/div><div class=\"sTxt\"><header class=\"header btClear small\" ><div class=\"dash\"><h4><span class=\"headline\">MERCHANDISING <\/span><\/h4><\/div><div class=\"btSubTitle\">Durante todo este tiempo, tendremos, camisetas, pulseras y dem\u00e1s art\u00edculos disponibles representativos del reto, con los que tambi\u00e9n se puede colaborar en la recaudaci\u00f3n de fondos.<\/div><\/header><\/div><\/div><div class=\"btClear btSeparator topSmallSpaced noBorder\" ><hr><\/div><div class=\"boldRow \" ><div class=\"boldRowInner\"><div class=\"rowItem rowInnerItem col-lg-12  btTextRight inherit\"  ><div class=\"rowItemContent\"><a href=\"#\" class=\"btBtn btBtn btnFilledStyle btnaccent1Color btnSmall btnNormalWidth btnRightPosition btnNoIcon\" ><span class=\"btnInnerText\">PR\u00d3XIMAMENTE<\/span><\/a><\/div><\/div><\/div><\/div><div class=\"btClear btSeparator topSemiSpaced noBorder\" ><hr><\/div><\/div><\/div><\/div><\/div><div class=\"boldRow \" ><div class=\"boldRowInner\"><div class=\"rowItem col-md-12 col-ms-12  btTextLeft\"  data-width=\"12\"><div class=\"rowItemContent\" ><div class=\"btClear btSeparator topSemiSpaced noBorder\" ><hr><\/div><\/div><\/div><\/div><\/div><\/div><\/div><\/div><\/section><section id=\"bt_section69ef7b3ba6c84\" data-parallax=\"0\" data-parallax-offset=\"0\" class=\"boldSection btDivider topLargeSpaced bottomLargeSpaced btDarkSkin gutter inherit btParallax\" style=\"background-color:#db5e37;\"><div class=\"port\"><div class=\"boldCell\"><div class=\"boldCellInner\"><div class=\"boldRow \" ><div class=\"boldRowInner\"><div class=\"rowItem col-md-2  col-sm-4 col-ms-12 btTextLeft\"  data-width=\"2\"><div class=\"rowItemContent\" ><\/div><\/div><div class=\"rowItem col-md-8 col-ms-12 btTextCenter animate animate-fadein inherit\"  data-width=\"8\"><div class=\"rowItemContent\" ><header class=\"header btClear extralarge btDash topDash\" ><div class=\"btSuperTitle\"><span>\u00a1SOMOS UN GRAN EQUIPO!<\/span><\/div><div class=\"dash\"><h1><span class=\"headline\">\u00bfTE MOJAS CON NOSOTROS?<\/span><\/h1><\/div><\/header><div class=\"btClear btSeparator topSemiSpaced noBorder\" ><hr><\/div><\/div><\/div><div class=\"rowItem col-md-2  col-sm-4 col-ms-12 btTextLeft\"  data-width=\"2\"><div class=\"rowItemContent\" ><\/div><\/div><\/div><\/div><div class=\"boldRow \" ><div class=\"boldRowInner\"><div class=\"rowItem btRightBorder col-md-4 col-ms-12 btTextCenter animate animate-fadein inherit\"  data-width=\"4\"><div class=\"rowItemContent\" ><div class=\"btClear btSeparator topSemiSpaced noBorder\" ><hr><\/div><div class=\"btIconImageRow\" ><span class=\"btIco btIcoDefaultType btIcoLargeSize btDefaultIcon\"><a href=\"http:\/\/mojateporlavida.org\/?page_id=5814\"  target=\"no_target\" data-ico-fs=\"&#xe989;\" class=\"btIcoHolder\"><\/a><\/span><\/div><div class=\"btClear btSeparator topSmallSpaced noBorder\" ><hr><\/div><div class=\"btCounterHolder  btCounterNormalSize\"><span class=\"btCounter animate\" data-digit-length=\"2\"><span class=\"onedigit p2 d1\" data-digit=\"1\"><span class=\"n0\">0<\/span><span class=\"n1\">1<\/span><span class=\"n2\">2<\/span><span class=\"n3\">3<\/span><span class=\"n4\">4<\/span><span class=\"n5\">5<\/span><span class=\"n6\">6<\/span><span class=\"n7\">7<\/span><span class=\"n8\">8<\/span><span class=\"n9\">9<\/span><span class=\"n0\">0<\/span><\/span><span class=\"onedigit p1 d0\" data-digit=\"0\"><span class=\"n0\">0<\/span><span class=\"n1\">1<\/span><span class=\"n2\">2<\/span><span class=\"n3\">3<\/span><span class=\"n4\">4<\/span><span class=\"n5\">5<\/span><span class=\"n6\">6<\/span><span class=\"n7\">7<\/span><span class=\"n8\">8<\/span><span class=\"n9\">9<\/span><span class=\"n0\">0<\/span><\/span><\/span><\/div><div class=\"btClear btSeparator topSmallSpaced noBorder\" ><hr><\/div><header class=\"header btClear medium\" ><div class=\"btSuperTitle\"><span>NADADORES Y NADADORAS DE AGUAS ABIERTAS<\/span><\/div><div class=\"dash\"><h3><span class=\"headline\">PROCEDENTES DE <\/span><\/h3><\/div><div class=\"btSubTitle\">Almer\u00eda, Albacete, C\u00f3rdoba, Madrid y Navarra<\/div><\/header><div class=\"btClear btSeparator topSmallSpaced noBorder\" ><hr><\/div><div class=\"servicesItem  btServicesDefault btIcoMediumSizeIcon \"><div class=\"sIcon\"><span class=\"btIco btIcoMediumSize btIcoDefaultType btDefaultIcon\"><a href=\"http:\/\/mojateporlavida.org\/?page_id=5814\" target=\"_self\" data-ico-fs=\"&#xe989;\" class=\"btIcoHolder\"><\/a><\/span><\/div><div class=\"sTxt\"><header class=\"header btClear small\" ><div class=\"dash\"><h4><span class=\"headline\">SABER M\u00c1S<\/span><\/h4><\/div><div class=\"btSubTitle\">CONOCE A LOS 6 NADADORES Y 4 NADADORAS<\/div><\/header><\/div><\/div><\/div><\/div><div class=\"rowItem btRightBorder col-md-4 col-ms-12 btTextCenter animate animate-fadein inherit\"  data-width=\"4\"><div class=\"rowItemContent\" ><div class=\"btClear btSeparator topSemiSpaced noBorder\" ><hr><\/div><div class=\"btIconImageRow\" ><span class=\"btIco btIcoDefaultType btIcoLargeSize btDefaultIcon\"><span  data-ico-es=\"&#xea64;\" class=\"btIcoHolder\"><\/span><\/span><\/div><div class=\"btClear btSeparator topSmallSpaced noBorder\" ><hr><\/div><div class=\"btCounterHolder  btCounterNormalSize\"><span class=\"btCounter animate\" data-digit-length=\"2\"><span class=\"onedigit p2 d2\" data-digit=\"2\"><span class=\"n0\">0<\/span><span class=\"n1\">1<\/span><span class=\"n2\">2<\/span><span class=\"n3\">3<\/span><span class=\"n4\">4<\/span><span class=\"n5\">5<\/span><span class=\"n6\">6<\/span><span class=\"n7\">7<\/span><span class=\"n8\">8<\/span><span class=\"n9\">9<\/span><span class=\"n0\">0<\/span><\/span><span class=\"onedigit p1 d1\" data-digit=\"1\"><span class=\"n0\">0<\/span><span class=\"n1\">1<\/span><span class=\"n2\">2<\/span><span class=\"n3\">3<\/span><span class=\"n4\">4<\/span><span class=\"n5\">5<\/span><span class=\"n6\">6<\/span><span class=\"n7\">7<\/span><span class=\"n8\">8<\/span><span class=\"n9\">9<\/span><span class=\"n0\">0<\/span><\/span><\/span><\/div><div class=\"btClear btSeparator topSmallSpaced noBorder\" ><hr><\/div><header class=\"header btClear medium\" ><div class=\"btSuperTitle\"><span>MIEMBROS DE LA ORGANIZACI\u00d3N<\/span><\/div><\/header><div class=\"btClear btSeparator topSmallSpaced noBorder\" ><hr><\/div><\/div><\/div><div class=\"rowItem btRightBorder col-md-4 col-ms-12 btTextCenter animate animate-fadein inherit\"  data-width=\"4\"><div class=\"rowItemContent\" ><div class=\"btClear btSeparator topSemiSpaced noBorder\" ><hr><\/div><div class=\"btIconImageRow\" ><span class=\"btIco btIcoDefaultType btIcoLargeSize btDefaultIcon\"><span  data-ico-fa=\"&#xf19c;\" class=\"btIcoHolder\"><\/span><\/span><\/div><div class=\"btClear btSeparator topSmallSpaced noBorder\" ><hr><\/div><div class=\"btCounterHolder  btCounterNormalSize\"><span class=\"btCounter animate\" data-digit-length=\"2\"><span class=\"onedigit p2 d2\" data-digit=\"2\"><span class=\"n0\">0<\/span><span class=\"n1\">1<\/span><span class=\"n2\">2<\/span><span class=\"n3\">3<\/span><span class=\"n4\">4<\/span><span class=\"n5\">5<\/span><span class=\"n6\">6<\/span><span class=\"n7\">7<\/span><span class=\"n8\">8<\/span><span class=\"n9\">9<\/span><span class=\"n0\">0<\/span><\/span><span class=\"onedigit p1 d0\" data-digit=\"0\"><span class=\"n0\">0<\/span><span class=\"n1\">1<\/span><span class=\"n2\">2<\/span><span class=\"n3\">3<\/span><span class=\"n4\">4<\/span><span class=\"n5\">5<\/span><span class=\"n6\">6<\/span><span class=\"n7\">7<\/span><span class=\"n8\">8<\/span><span class=\"n9\">9<\/span><span class=\"n0\">0<\/span><\/span><\/span><\/div><div class=\"btClear btSeparator topSmallSpaced noBorder\" ><hr><\/div><header class=\"header btClear medium\" ><div class=\"dash\"><\/div><div class=\"btSubTitle\">M\u00daLTIPLES EMPRESAS Y ORGANISMOS APOYANDO NUESTRO RETO<\/div><\/header><div class=\"btClear btSeparator topSmallSpaced noBorder\" ><hr><\/div><\/div><\/div><\/div><\/div><div class=\"boldRow \" ><div class=\"boldRowInner\"><div class=\"rowItem col-md-2  col-sm-4 col-ms-12 btTextLeft\"  data-width=\"2\"><div class=\"rowItemContent\" ><\/div><\/div><div class=\"rowItem col-md-8 col-ms-12 btTextCenter animate animate-fadein animate-movedown inherit\"  data-width=\"8\"><div class=\"rowItemContent\" ><div class=\"btClear btSeparator topSpaced noBorder\" ><hr><\/div><div class=\"btText\" ><h2><cite>Es una gran aventura de personas normales como t\u00fa, que quieren colaborar con los verdaderos h\u00e9roes de toda esta iniciativa, los profesionales de la sanidad, aportando ilusi\u00f3n, apoyo y fondos necesarios, para ayudar a los grandes protagonistas: los ni\u00f1os y ni\u00f1as afectados por el C\u00e1ncer. \u00bfTe mojas con nosotros?<\/cite><\/h2>\n<\/div><div class=\"btClear btSeparator topSemiSpaced noBorder\" ><hr><\/div><a href=\"#\" class=\"btBtn btBtn btnFilledStyle btnaccent4Color btnBig btnNormalWidth btnRightPosition btnNoIcon\" ><span class=\"btnInnerText\">LEER M\u00c1S SOBRE NOSOTROS<\/span><\/a><\/div><\/div><div class=\"rowItem col-md-2  col-sm-4 col-ms-12 btTextLeft\"  data-width=\"2\"><div class=\"rowItemContent\" ><\/div><\/div><\/div><\/div><div class=\"boldRow \" ><div class=\"boldRowInner\"><\/div><\/div><\/div><\/div><\/div><\/section><section id=\"bt_section69ef7b3ba7c34\"  class=\"boldSection btDivider topLargeSpaced gutter inherit\" ><div class=\"port\"><div class=\"boldCell\"><div class=\"boldCellInner\"><div class=\"boldRow \" ><div class=\"boldRowInner\"><div class=\"rowItem col-md-2  col-sm-4 col-ms-12 btTextLeft\"  data-width=\"2\"><div class=\"rowItemContent\" ><\/div><\/div><div class=\"rowItem col-md-8 col-ms-12 btTextCenter animate animate-fadein inherit\"  data-width=\"8\"><div class=\"rowItemContent\" ><header class=\"header btClear extralarge btDash topDash  btHeaderAccent3\" ><div class=\"btSuperTitle\"><span>\u00bfQu\u00e9 est\u00e1 pasando?<\/span><\/div><div class=\"dash\"><h1><span class=\"headline\">M\u00d3JATE POR LA VIDA. NOTICIAS<\/span><\/h1><\/div><div class=\"btSubTitle\">Sigue toda la actualidad de nuestro Reto Deportivo Solidario y las actividades paralelas.<\/div><\/header><div class=\"btClear btSeparator topSemiSpaced noBorder\" ><hr><\/div><\/div><\/div><div class=\"rowItem col-md-2  col-sm-4 col-ms-12 btTextLeft\"  data-width=\"2\"><div class=\"rowItemContent\" ><\/div><\/div><\/div><\/div><div class=\"boldRow \" ><div class=\"boldRowInner\"><div class=\"rowItem col-md-12 col-ms-12  btTextLeft animate animate-fadein inherit\"  data-width=\"12\"><div class=\"rowItemContent\" ><div class=\"btGridContainer tiled btGridGap-10 btHasTitles\" ><div class=\"tilesWall btAjaxGrid tiled\" data-num=\"3\" data-tiles-title=\"yes\" data-grid-type=\"tiled\" data-post-type=\"post\" data-col=\"3\" data-cat-slug=\"\" data-scroll-loading=\"no\" data-format=\"\" data-related=\"\" data-sticky=\"no\"><div class=\"gridSizer\"><\/div><\/div><div class=\"btLoader btLoaderGrid\"><\/div><div class=\"btNoMore btTextCenter topSmallSpaced bottomSmallSpaced\">No more posts<\/div><\/div><\/div><\/div><\/div><\/div><div class=\"boldRow \" ><div class=\"boldRowInner\"><div class=\"rowItem col-md-2  col-sm-4 col-ms-12 btTextLeft\"  data-width=\"2\"><div class=\"rowItemContent\" ><\/div><\/div><div class=\"rowItem col-md-8 col-ms-12 btTextCenter animate animate-fadein animate-movedown inherit\"  data-width=\"8\"><div class=\"rowItemContent\" ><div class=\"btClear btSeparator topSpaced noBorder\" ><hr><\/div><a href=\"https:\/\/mojateporlavida.org\/?page_id=1007\" class=\"btBtn btBtn btnFilledStyle btnaccent2Color btnBig btnNormalWidth btnRightPosition btnNoIcon\" ><span class=\"btnInnerText\">READ MORE NEWS<\/span><\/a><\/div><\/div><div class=\"rowItem col-md-2  col-sm-4 col-ms-12 btTextLeft\"  data-width=\"2\"><div class=\"rowItemContent\" ><\/div><\/div><\/div><\/div><div class=\"boldRow visible-md visible-lg visible-xl\" ><div class=\"boldRowInner\"><div class=\"rowItem col-md-12 col-ms-12  btTextLeft\"  data-width=\"12\"><div class=\"rowItemContent\" ><div class=\"btClear btSeparator topLargeSpaced noBorder\" ><hr><\/div><\/div><\/div><\/div><\/div><div class=\"boldRow visible-md visible-lg visible-xl\" ><div class=\"boldRowInner\"><div class=\"rowItem col-md-3 col-sm-6 col-ms-12 btTextLeft animate animate-fadein animate-moveright inherit\" style=\"background-color: rgba(79, 180, 205, 1); \" data-width=\"3\"><div class=\"rowItemContent\" ><div class=\"btClear btSeparator topExtraSmallSpaced noBorder\"  style=\"padding-top: 4px;\"><hr><\/div><\/div><\/div><div class=\"rowItem col-md-3 col-sm-6 col-ms-12 btTextLeft animate animate-fadein animate-moveright inherit\" style=\"background-color: rgba(68, 194, 115, 1); \" data-width=\"3\"><div class=\"rowItemContent\" ><div class=\"btClear btSeparator topExtraSmallSpaced noBorder\"  style=\"padding-top: 4px;\"><hr><\/div><\/div><\/div><div class=\"rowItem col-md-3 col-sm-6 col-ms-12 btTextLeft animate animate-fadein animate-moveright inherit\" style=\"background-color: rgba(219, 94, 55, 1); \" data-width=\"3\"><div class=\"rowItemContent\" ><div class=\"btClear btSeparator topExtraSmallSpaced noBorder\"  style=\"padding-top: 4px;\"><hr><\/div><\/div><\/div><div class=\"rowItem col-md-3 col-sm-6 col-ms-12 btTextLeft animate animate-fadein animate-moveright inherit\" style=\"background-color: rgba(218, 167, 34, 1); \" data-width=\"3\"><div class=\"rowItemContent\" ><div class=\"btClear btSeparator topExtraSmallSpaced noBorder\"  style=\"padding-top: 4px;\"><hr><\/div><\/div><\/div><\/div><\/div><\/div><\/div><\/div><\/section>","protected":false},"excerpt":{"rendered":"","protected":false},"author":1,"featured_media":0,"parent":0,"menu_order":0,"comment_status":"closed","ping_status":"closed","template":"","meta":[],"_links":{"self":[{"href":"https:\/\/mojateporlavida.org\/index.php?rest_route=\/wp\/v2\/pages\/3662"}],"collection":[{"href":"https:\/\/mojateporlavida.org\/index.php?rest_route=\/wp\/v2\/pages"}],"about":[{"href":"https:\/\/mojateporlavida.org\/index.php?rest_route=\/wp\/v2\/types\/page"}],"author":[{"embeddable":true,"href":"https:\/\/mojateporlavida.org\/index.php?rest_route=\/wp\/v2\/users\/1"}],"replies":[{"embeddable":true,"href":"https:\/\/mojateporlavida.org\/index.php?rest_route=%2Fwp%2Fv2%2Fcomments&post=3662"}],"version-history":[{"count":92,"href":"https:\/\/mojateporlavida.org\/index.php?rest_route=\/wp\/v2\/pages\/3662\/revisions"}],"predecessor-version":[{"id":5820,"href":"https:\/\/mojateporlavida.org\/index.php?rest_route=\/wp\/v2\/pages\/3662\/revisions\/5820"}],"wp:attachment":[{"href":"https:\/\/mojateporlavida.org\/index.php?rest_route=%2Fwp%2Fv2%2Fmedia&parent=3662"}],"curies":[{"name":"wp","href":"https:\/\/api.w.org\/{rel}","templated":true}]}}