{"id":6755,"date":"2019-02-22T20:16:32","date_gmt":"2019-02-22T19:16:32","guid":{"rendered":"http:\/\/mojateporlavida.org\/?page_id=6755"},"modified":"2019-02-22T20:25:44","modified_gmt":"2019-02-22T19:25:44","slug":"proyecto-2019","status":"publish","type":"page","link":"http:\/\/mojateporlavida.org\/?page_id=6755","title":{"rendered":"Proyecto 2019"},"content":{"rendered":"\n<div class=\"wp-block-image\"><figure class=\"aligncenter is-resized\"><img decoding=\"async\" loading=\"lazy\" src=\"http:\/\/mojateporlavida.org\/wp-content\/uploads\/2019\/02\/Logo-2019.png\" alt=\"\" class=\"wp-image-6757\" width=\"376\" height=\"479\" srcset=\"http:\/\/mojateporlavida.org\/wp-content\/uploads\/2019\/02\/Logo-2019.png 752w, http:\/\/mojateporlavida.org\/wp-content\/uploads\/2019\/02\/Logo-2019-640x815.png 640w, http:\/\/mojateporlavida.org\/wp-content\/uploads\/2019\/02\/Logo-2019-320x408.png 320w\" sizes=\"(max-width: 376px) 100vw, 376px\" \/><\/figure><\/div>\n\n\n\n<p>El Cruce a Nado entre las Islas de Formentera &#8211; Ibiza 2019 es la segunda etapa del proyecto solidario que el C.D. TurAniAna puso en marcha a trav\u00e9s de su iniciativa solidaria <a href=\"http:\/\/mojateporlavida.org\/?page_id=4831\">M\u00f3jate por la Vida en el a\u00f1o 2017 con el proyecto Cabo de Gata-N\u00edjar Swim Project<\/a>, En esta primera etapa se consiguieron recaudar m\u00e1s de <a rel=\"noreferrer noopener\" aria-label=\"48.000\u20ac (abre en una nueva pesta\u00f1a)\" href=\"http:\/\/mojateporlavida.org\/?p=6721\" target=\"_blank\">48.000\u20ac<\/a> y al igual que antes, el objetivo ahora es que mediante un nuevo Reto Deportivo Solidario se consiga recaudar fondos en apoyo del proyecto de CRIS contra el c\u00e1ncer. El reto consistir\u00e1 en llevar a cabo la uni\u00f3n a nado de la isla de Formentera con la isla de Ibiza en un trayecto que oscila entre los 17 y 20 kilometros de aguas abiertas. Con esta iniciativa, pretendemos ayudar a recaudar fondos para unos de los proyectos que se van a llevar a cabo en la <a href=\"https:\/\/criscancer.org\/es\/unidad-cris-nuevas-terapias-cancer-infantil\/\" target=\"_blank\" rel=\"noreferrer noopener\" aria-label=\"&quot;UNIDAD NUEVAS TERAPIAS C\u00c1NCER INFANTIL HOSPITAL LA PAZ&quot; (abre en una nueva pesta\u00f1a)\">\u00abUNIDAD NUEVAS TERAPIAS C\u00c1NCER INFANTIL HOSPITAL LA PAZ\u00bb<\/a>, en concreto, el denominado Proyecto Gabi.<br> M\u00f3jate por la Vida pretende poyar este novedoso proyecto de investigaci\u00f3n de la Fundaci\u00f3n CRIS Contra el C\u00e1ncer que busca ofrecer una alternativa terap\u00e9utica a ni\u00f1os con tumores s\u00f3lidos o hematol\u00f3gicos que se encuentren en reca\u00edda o no tengan otras alternativas de tratamiento. El proyecto ha sido bautizado como Proyecto Gabi, en recuerdo de una ni\u00f1a para la que lamentablemente no hubo cura.<\/p>\n\n\n\n<p><\/p>\n\n\n\n<p class=\"has-drop-cap\">Gabi utiliza el propio sistema inmune del paciente para luchar contra las c\u00e9lulas tumorales. Es lo que se conoce como inmunoterapia, una pr\u00e1ctica cl\u00ednica cada vez m\u00e1s personalizada y \u00fanica para cada paciente.<\/p>\n\n\n\n<p>Concretamente, Gabi consiste en proporcionar a los linfocitos T la capacidad de acercarse a las c\u00e9lulas tumorales, y no a otras, y eliminarlas. En el caso de Gabi se consigue modificando gen\u00e9ticamente esos linfocitos T, que proceden de un donante familiar del paciente, en laboratorio, para administr\u00e1rselos despu\u00e9s al paciente. Esa modificaci\u00f3n gen\u00e9tica permite colocar a los linfocitos T una mol\u00e9cula llamada CAR que les permitir\u00e1 dirigirse al tumor, y es lo que se conoce como terapia CAR-T.<\/p>\n\n\n\n<p>\u00bfPor qu\u00e9 es tan importante? Porque los tratamientos convencionales disponibles hasta el momento son \u00fatiles y efectivos, pero insuficientes. La nueva terapia actuar\u00e1 como un ej\u00e9rcito inmune fortalecido con \u2018radares\u2019 que distinguen claramente a los tejidos sanos de los tumorales, cosa que las quimioterapias, por ejemplo, no pueden hacer.<\/p>\n\n\n\n<p class=\"has-drop-cap\">El porcentaje de recuperaci\u00f3n de ni\u00f1os con c\u00e1ncer es alto, del 80%, pero lleva estancado a\u00f1os. Es necesario impulsar nuevas investigaciones que permitan avanzar en la cura de m\u00e1s enfermos.<\/p>\n\n\n\n<p><br><\/p>\n","protected":false},"excerpt":{"rendered":"<p>Reto Deportivo Solidario 2019<\/p>\n","protected":false},"author":4,"featured_media":6757,"parent":0,"menu_order":0,"comment_status":"closed","ping_status":"closed","template":"","meta":[],"_links":{"self":[{"href":"http:\/\/mojateporlavida.org\/index.php?rest_route=\/wp\/v2\/pages\/6755"}],"collection":[{"href":"http:\/\/mojateporlavida.org\/index.php?rest_route=\/wp\/v2\/pages"}],"about":[{"href":"http:\/\/mojateporlavida.org\/index.php?rest_route=\/wp\/v2\/types\/page"}],"author":[{"embeddable":true,"href":"http:\/\/mojateporlavida.org\/index.php?rest_route=\/wp\/v2\/users\/4"}],"replies":[{"embeddable":true,"href":"http:\/\/mojateporlavida.org\/index.php?rest_route=%2Fwp%2Fv2%2Fcomments&post=6755"}],"version-history":[{"count":4,"href":"http:\/\/mojateporlavida.org\/index.php?rest_route=\/wp\/v2\/pages\/6755\/revisions"}],"predecessor-version":[{"id":6763,"href":"http:\/\/mojateporlavida.org\/index.php?rest_route=\/wp\/v2\/pages\/6755\/revisions\/6763"}],"wp:featuredmedia":[{"embeddable":true,"href":"http:\/\/mojateporlavida.org\/index.php?rest_route=\/wp\/v2\/media\/6757"}],"wp:attachment":[{"href":"http:\/\/mojateporlavida.org\/index.php?rest_route=%2Fwp%2Fv2%2Fmedia&parent=6755"}],"curies":[{"name":"wp","href":"https:\/\/api.w.org\/{rel}","templated":true}]}}