{"id":5272,"date":"2017-05-02T01:15:17","date_gmt":"2017-05-01T23:15:17","guid":{"rendered":"http:\/\/mojateporlavida.org\/?page_id=5272"},"modified":"2017-05-02T01:14:44","modified_gmt":"2017-05-01T23:14:44","slug":"amelia-torrego-2a-de-las-nadadoras-invitadas-al-reto","status":"publish","type":"page","link":"http:\/\/mojateporlavida.org\/?page_id=5272","title":{"rendered":"Amelia Torrego. 2\u00aa de las nadadoras invitadas al reto."},"content":{"rendered":"<section id=\"bt_section69e164eebf23c\" data-parallax=\"0\" data-parallax-offset=\"0\" class=\"boldSection topSpaced bottomSemiSpaced btDarkSkin gutter inherit btParallax wBackground cover btBackgroundOverlay btSolidDarkBackground\" style=\"background-image:url('http:\/\/mojateporlavida.org\/wp-content\/uploads\/2017\/05\/amelia6.png');\"><div class=\"port\"><div class=\"boldCell\"><div class=\"boldCellInner\"><div class=\"boldRow \" ><div class=\"boldRowInner\"><div class=\"rowItem col-md-3 col-sm-6 col-ms-12 btTextLeft animate animate-fadein animate-moveup btMiddleVertical\"  data-width=\"3\"><div class=\"rowItemContent\" ><div class=\"bpgPhoto  btRoundedImage\" ><div class = \"btImage\"><img src=\"http:\/\/mojateporlavida.org\/wp-content\/uploads\/2017\/05\/Amelia.jpg\" alt=\"\" title=\"\"><\/div><\/div><div class=\"btClear btSeparator bottomSemiSpaced noBorder\" ><hr><\/div><\/div><\/div><div class=\"rowItem col-md-6 col-sm-12 btTextLeft animate animate-fadein animate-moveup btMiddleVertical\"  data-width=\"6\"><div class=\"rowItemContent\" ><header class=\"header btClear large  btHeaderAccent3\" ><div class=\"btSuperTitle\"><span>NADADOR INVITADO<\/span><\/div><div class=\"dash\"><h2><span class=\"headline\">Amelia Torrego<\/span><\/h2><\/div><\/header><div class=\"btText\" ><p>Amelia es devoci\u00f3n por su deporte: Triatl\u00f3n y Nataci\u00f3n;\u00a0\u00a0a su profesi\u00f3n como Fisioterapeuta y T\u00e9cnico deportivo y sobre todo a su familia y amigos que le apoyan d\u00eda a d\u00eda en todas sus locuras.<\/p>\n<p>Aunque es de Madrid, Almer\u00eda la considera como su propia tierra d\u00f3nde lleva 14 a\u00f1os enganchad\u00edsima.<\/p>\n<p>Todo lo que se propone, en cu\u00e1nto a profesi\u00f3n y competiciones, es por pasi\u00f3n y por eso no le cuesta el sacrificio en tiempo y esfuerzo para terminar pruebas como Ironman (3800m\/180kms\/42kms) \u00a0y traves\u00edas a nado de larga distancia. Visualiza el reto y no hay impedimentos.<\/p>\n<p>Es competitiva pero le motiva m\u00e1s trabajar en equipo por eso est\u00e1 ilusionada en esta nueva aventura de \u00bb <em><strong>mojate por la vida<\/strong><\/em>\u00bb .<\/p>\n<\/div><div class=\"btIconImageRow\" style=\"padding: 1em 0;\"><span class=\"btIco btIcoFilledType btIcoSmallSize btAccent1Icon\"><a href=\"https:\/\/www.facebook.com\/search\/top\/?q=amelia%20torrego%20rodriguez\"  target=\"no_target\" data-ico-fa=\"&#xf09a;\" class=\"btIcoHolder\"><\/a><\/span><span class=\"btIco btIcoFilledType btIcoSmallSize btAccent2Icon\"><a href=\"https:\/\/twitter.com\/AmeliaTorrego?lang=es\"  target=\"no_target\" data-ico-fa=\"&#xf099;\" class=\"btIcoHolder\"><\/a><\/span><\/div><div class=\"btClear btSeparator bottomSemiSpaced noBorder\" ><hr><\/div><\/div><\/div><div class=\"rowItem col-md-3 col-sm-6 col-ms-12 btTextLeft animate animate-fadein animate-moveup btMiddleVertical btDoublePadding\"  data-width=\"3\"><div class=\"rowItemContent\" ><div class=\"btClear btSeparator bottomSemiSpaced noBorder\" ><hr><\/div><a href=\"mailto:trimeliafisioes@hotmail.com\" class=\"btBtn btBtn btnOutlineStyle btndefaultColor btnSmall btnFullWidth btnRightPosition btnIco\" ><span class=\"btnInnerText\">CONTACT<\/span><span class=\"btIco \"><span  data-ico-fa=\"&#xf003;\" class=\"btIcoHolder\"><\/span><\/span><\/a><div class=\"btClear btSeparator topSmallSpaced noBorder\" ><hr><\/div><\/div><\/div><\/div><\/div><\/div><\/div><\/div><\/section><section id=\"bt_section69e164eebff10\"  class=\"boldSection topSpaced bottomSpaced gutter inherit\" ><div class=\"port\"><div class=\"boldCell\"><div class=\"boldCellInner\"><div class=\"boldRow \" ><div class=\"boldRowInner\"><div class=\"rowItem btRightBorder col-md-9 col-ms-12  btTextLeft animate animate-fadein btTopVertical\"  data-width=\"9\"><div class=\"rowItemContent\" ><header class=\"header btClear large  btHeaderAccent4\" ><div class=\"dash\"><h2><span class=\"headline\">BIOGRAF\u00cdA<\/span><\/h2><\/div><\/header><div class=\"btText\" ><p>Desde hace a\u00f1os sue\u00f1o con participar en una traves\u00eda a nado de larga distancia\u00a0 para poder disfrutar m\u00e1s del mar, que siempre me ha apasionado. Y viviendo en Almer\u00eda, la \u00fanica que pude hacer de larga distancia\u00a0 fue la \u00abTraves\u00eda de los Puertos\u00bb,\u00a0 la cual termin\u00e9 feliz y con ganas de m\u00e1s.<\/p>\n<p>As\u00ed que nada mejor que nadar y disfrutar de los preciosos paisajes y aguas del Parque Natural de Cabo de Gata-N\u00edjar d\u00f3nde llevo a\u00f1os recorri\u00e9ndolo sin cansarme en bici, corriendo o nadando. Pero ahora llevar\u00e9 un \u00abplus\u00bb de motivaci\u00f3n pensando en poder colaborar y ayudar a muchos ni\u00f1os con c\u00e1ncer.<\/p>\n<p><strong>\u201cYo Me Mojo por la Vida, y t\u00fa?\u201d<\/strong><\/p>\n<\/div><div class=\"btClear btSeparator topSmallSpaced bottomSmallSpaced noBorder\" ><hr><\/div><div class=\"bpgPhoto \" ><div class = \"btImage\"><img src=\"http:\/\/mojateporlavida.org\/wp-content\/uploads\/2017\/05\/amelia4.jpg\" alt=\"\" title=\"\"><\/div><\/div><div class=\"btClear btSeparator topSmallSpaced bottomSmallSpaced noBorder\" ><hr><\/div><\/div><\/div><div class=\"rowItem col-md-3 col-sm-6 col-ms-12 btTextLeft animate animate-fadein btTopVertical\"  data-width=\"3\"><div class=\"rowItemContent\" ><div class=\"btClear btSeparator topSemiSpaced noBorder\" ><hr><\/div><header class=\"header btClear medium  btHeaderAccent1\" ><div class=\"dash\"><h3><span class=\"headline\">AFICIONES<\/span><\/h3><\/div><div class=\"btSubTitle\">Aficcionada al Triatlon desde hace 20 a\u00f1os. <\/div><\/header><div class=\"btClear btSeparator topSemiSpaced noBorder\" ><hr><\/div><div class=\"servicesItem  btServicesAccent3 btIcoBigSizeIcon \"><div class=\"sIcon\"><span class=\"btIco btIcoBigSize btIcoDefaultType btAccent3Icon\"><span  data-ico-fs=\"&#xe975;\" class=\"btIcoHolder\"><\/span><\/span><\/div><div class=\"sTxt\"><header class=\"header btClear small\" ><div class=\"dash\"><h4><span class=\"headline\">DEPORTES<\/span><\/h4><\/div><div class=\"btSubTitle\">TRIATLON,\r<br \/>SENDERISMO, CORRER, NATACI\u00d3N&#8230;<\/div><\/header><\/div><\/div><div class=\"btClear btSeparator topSmallSpaced noBorder\" ><hr><\/div><div class=\"servicesItem  btServicesAccent4 btIcoBigSizeIcon \"><div class=\"sIcon\"><span class=\"btIco btIcoBigSize btIcoDefaultType btAccent4Icon\"><span  data-ico-fa=\"&#xf0fc;\" class=\"btIcoHolder\"><\/span><\/span><\/div><div class=\"sTxt\"><header class=\"header btClear small\" ><div class=\"dash\"><h4><span class=\"headline\">AMIGOS<\/span><\/h4><\/div><div class=\"btSubTitle\">DISFRUTAR DE LOS BUENOS MOMENTOS CON LOS AMIGOS Y FAMILIA.<\/div><\/header><\/div><\/div><div class=\"bpgPhoto \" ><div class = \"btImage\"><img src=\"http:\/\/mojateporlavida.org\/wp-content\/uploads\/2017\/05\/amelia2.jpg\" alt=\"\" title=\"\"><\/div><\/div><\/div><\/div><\/div><\/div><\/div><\/div><\/div><\/section><section id=\"bt_section69e164eec0ca3\"  class=\"boldSection gutter\" ><div class=\"port\"><div class=\"boldCell\"><div class=\"boldCellInner\"><div class=\"boldRow \" ><div class=\"boldRowInner\"><div class=\"rowItem col-md-12 col-ms-12  btTextLeft\"  data-width=\"12\"><div class=\"rowItemContent\" ><div class=\"btTabs tabsHorizontal\"><ul class=\"tabsHeader\"><li><span>FORMACI\u00d3N<\/span><\/li><li><span>CC DEPORTIVO<\/span><\/li><li><span>TRABAJO<\/span><\/li><\/ul><div class=\"tabPanes tabPanesTabs\"><div class=\"tabPane\">\n\t\t\t<div class=\"tabAccordionContent\"><div class=\"btText\" ><p>Fisioterapeuta\u00a0<span class=\" _2yeq\"> Universidad de Alcal\u00e1 <\/span><\/p>\n<\/div><\/div>\n\t\t<\/div><div class=\"tabPane\">\n\t\t\t<div class=\"tabAccordionContent\"><div class=\"btText\" ><h2>Desde el 2003 compitiendo en triatlones\u00a0\u00a0 de larga distancia:<\/h2>\n<ul>\n<li>Tit\u00e1n de C\u00e1diz 2007 1a clasificada<\/li>\n<li>Tit\u00e1n de C\u00e1diz 2008 3a clasificada<\/li>\n<li>Tit\u00e1n de C\u00e1diz 2009 3a clasificada<\/li>\n<li>Triatlon Cabo de Gata 2013 2\u00b0clasificada<\/li>\n<li>Triatlon Al-Mudayna 2014 3\u00b0clasificada<\/li>\n<li>Triatlon Carboneras 2015 3\u00b0 clasificada<\/li>\n<li>Triatlon Cabo de Gata 2015 1\u00b0veterana<\/li>\n<li>Triatlon Half Llanes 2016 2\u00b0 general<\/li>\n<li>Triatlon Cabo de Gata 2016 3\u00b0 general<\/li>\n<\/ul>\n<h2>Finisher 7 Ironman:<\/h2>\n<ul>\n<li>Challenge Roth 2009<\/li>\n<li>Ironman Niza\u00a0\u00a0\u00a0 2010<\/li>\n<li>Ironman Regensburg 2011<\/li>\n<li>Ironman Lanzarote 2012<\/li>\n<li>Ironman Frankfurt\u00a0 2013<\/li>\n<li>Ironman Mallorca\u00a0 2014<\/li>\n<li>Ironman Maastrich 2015<\/li>\n<\/ul>\n<ul>\n<li>Circuito traves\u00edas 2014 Almer\u00eda 2a veterana .<\/li>\n<li>Traves\u00edas Denia 5kms.<\/li>\n<li>Finisher traves\u00eda de los puertos 8kms<\/li>\n<\/ul>\n<h3><\/h3>\n<\/div><\/div>\n\t\t<\/div><div class=\"tabPane\">\n\t\t\t<div class=\"tabAccordionContent\"><div class=\"btText\" ><p><span class=\"_2yep\">Trabaja en el Ayuntamiento de Madrid.<\/span><\/p>\n<\/div><\/div>\n\t\t<\/div><\/div><\/div><\/div><\/div><\/div><\/div><\/div><\/div><\/div><\/section><section id=\"bt_section69e164eec1297\"  class=\"boldSection gutter\" ><div class=\"port\"><div class=\"boldCell\"><div class=\"boldCellInner\"><div class=\"boldRow \" ><div class=\"boldRowInner\"><div class=\"rowItem col-md-12 col-ms-12  btTextLeft\"  data-width=\"12\"><div class=\"rowItemContent\" ><div class=\"btClear btSeparator topSmallSpaced bottomSmallSpaced noBorder\" ><hr><\/div><\/div><\/div><\/div><\/div><\/div><\/div><\/div><\/section><section id=\"bt_section69e164eec13f1\"  class=\"boldSection gutter\" ><div class=\"port\"><div class=\"boldCell\"><div class=\"boldCellInner\"><div class=\"boldRow \" ><div class=\"boldRowInner\"><div class=\"rowItem col-md-12 col-ms-12  btTextLeft\"  data-width=\"12\"><div class=\"rowItemContent\" ><div class=\"btText\" ><p><iframe loading=\"lazy\" src=\"https:\/\/www.youtube.com\/embed\/h-4ktLbYgg0\" width=\"560\" height=\"315\" frameborder=\"0\" allowfullscreen=\"allowfullscreen\"><\/iframe><\/p>\n<\/div><\/div><\/div><\/div><\/div><div class=\"boldRow \" ><div class=\"boldRowInner\"><div class=\"rowItem col-md-12 col-ms-12  btTextLeft animate animate-fadein inherit\"  data-width=\"12\"><div class=\"rowItemContent\" ><header class=\"header btClear large  btHeaderAccent3\" ><div class=\"dash\"><h2><span class=\"headline\">Noticias en las que aparece Amelia<\/span><\/h2><\/div><\/header><div class=\"btClear btSeparator bottomSmallSpaced noBorder\" ><hr><\/div><div class=\"btLatestPostsContainer verticalPosts \" ><\/div><div class=\"btClear btSeparator topExtraSpaced bottomExtraSpaced noBorder\" ><hr><\/div><div class=\"btClear btSeparator topExtraSpaced bottomExtraSpaced noBorder\" ><hr><\/div><\/div><\/div><\/div><\/div><\/div><\/div><\/div><\/section>","protected":false},"excerpt":{"rendered":"","protected":false},"author":2,"featured_media":5274,"parent":1997,"menu_order":0,"comment_status":"closed","ping_status":"closed","template":"","meta":[],"_links":{"self":[{"href":"http:\/\/mojateporlavida.org\/index.php?rest_route=\/wp\/v2\/pages\/5272"}],"collection":[{"href":"http:\/\/mojateporlavida.org\/index.php?rest_route=\/wp\/v2\/pages"}],"about":[{"href":"http:\/\/mojateporlavida.org\/index.php?rest_route=\/wp\/v2\/types\/page"}],"author":[{"embeddable":true,"href":"http:\/\/mojateporlavida.org\/index.php?rest_route=\/wp\/v2\/users\/2"}],"replies":[{"embeddable":true,"href":"http:\/\/mojateporlavida.org\/index.php?rest_route=%2Fwp%2Fv2%2Fcomments&post=5272"}],"version-history":[{"count":14,"href":"http:\/\/mojateporlavida.org\/index.php?rest_route=\/wp\/v2\/pages\/5272\/revisions"}],"predecessor-version":[{"id":5293,"href":"http:\/\/mojateporlavida.org\/index.php?rest_route=\/wp\/v2\/pages\/5272\/revisions\/5293"}],"up":[{"embeddable":true,"href":"http:\/\/mojateporlavida.org\/index.php?rest_route=\/wp\/v2\/pages\/1997"}],"wp:featuredmedia":[{"embeddable":true,"href":"http:\/\/mojateporlavida.org\/index.php?rest_route=\/wp\/v2\/media\/5274"}],"wp:attachment":[{"href":"http:\/\/mojateporlavida.org\/index.php?rest_route=%2Fwp%2Fv2%2Fmedia&parent=5272"}],"curies":[{"name":"wp","href":"https:\/\/api.w.org\/{rel}","templated":true}]}}