{"id":4219,"date":"2017-02-26T21:33:22","date_gmt":"2017-02-26T20:33:22","guid":{"rendered":"http:\/\/mojateporlavida.org\/?page_id=4219"},"modified":"2017-04-02T17:36:17","modified_gmt":"2017-04-02T16:36:17","slug":"padel","status":"publish","type":"page","link":"http:\/\/mojateporlavida.org\/?page_id=4219","title":{"rendered":"padel"},"content":{"rendered":"<section id=\"bt_section69f5dcad60fb3\"  class=\"boldSection gutter\" ><div class=\"port\"><div class=\"boldCell\"><div class=\"boldCellInner\"><div class=\"boldRow \" ><div class=\"boldRowInner\"><div class=\"rowItem col-md-6 col-sm-12 btTextLeft\"  data-width=\"6\"><div class=\"rowItemContent\" ><div class=\"bpgPhoto \" ><div class = \"btImage\"><img src=\"http:\/\/mojateporlavida.org\/wp-content\/uploads\/2017\/02\/121padel.jpg\" alt=\"\" title=\"\"><\/div><\/div><\/div><\/div><div class=\"rowItem col-md-6 col-sm-12 btTextLeft\"  data-width=\"6\"><div class=\"rowItemContent\" ><div class=\"bpgPhoto \" ><div class = \"btImage\"><img src=\"http:\/\/mojateporlavida.org\/wp-content\/uploads\/2017\/02\/Club-de-padelr.jpg\" alt=\"\" title=\"\"><\/div><\/div><\/div><\/div><\/div><\/div><\/div><\/div><\/div><\/section><section id=\"bt_section69f5dcad61883\"  class=\"boldSection gutter\" ><div class=\"port\"><div class=\"boldCell\"><div class=\"boldCellInner\"><div class=\"boldRow \" ><div class=\"boldRowInner\"><div class=\"rowItem col-md-12 col-ms-12  btTextLeft\"  data-width=\"12\"><div class=\"rowItemContent\" ><div class=\"btTabs tabsHorizontal\"><ul class=\"tabsHeader\"><li><span>Descripci\u00f3n<\/span><\/li><li><span>Inscripciones<\/span><\/li><li><span>Categor\u00edas<\/span><\/li><li><span>Reglamento<\/span><\/li><li><span>Premios<\/span><\/li><\/ul><div class=\"tabPanes tabPanesTabs\"><div class=\"tabPane\">\n\t\t\t<div class=\"tabAccordionContent\"><div class=\"btText\" ><p><img decoding=\"async\" loading=\"lazy\" class=\"alignleft wp-image-4285\" src=\"http:\/\/mojateporlavida.org\/wp-content\/uploads\/2017\/02\/padel-roquetas-640x427.jpg\" alt=\"\" width=\"347\" height=\"232\" \/><\/p>\n<p>\u2713 El torneo se celebrar\u00e1 en un \u00fanico d\u00eda, el 25 de Marzo de 2017.<br \/>\n\u2713 El horario ser\u00e1 de 09:00 a 22:00h (Aproximadamente).<br \/>\n\u2713 El torneo finalizar\u00e1 el d\u00eda 25 de Marzo de 2017 una vez finalizados las finales de<br \/>\nlas diferentes categor\u00edas, entonces se proceder\u00e1 a la entrega de premios.<br \/>\n\u2713 Los partidos se jugar\u00e1n en las 3 pistas de P\u00e1del del CDU Juan Gonz\u00e1lez<br \/>\nFern\u00e1ndez.<\/p>\n<p>RECUERDA: Las personas que se inscriban a alguna actividad distinta del AEROBITHON tendr\u00e1n de forma gratuita libre el acceso al mismo.<\/p>\n<\/div><\/div>\n\t\t<\/div><div class=\"tabPane\">\n\t\t\t<div class=\"tabAccordionContent\"><div class=\"btText\" ><p><img decoding=\"async\" loading=\"lazy\" class=\"wp-image-3823 alignright\" src=\"http:\/\/mojateporlavida.org\/wp-content\/uploads\/2017\/01\/logo-CRIS_web-copia-640x447.jpg\" alt=\"\" width=\"295\" height=\"206\" srcset=\"http:\/\/mojateporlavida.org\/wp-content\/uploads\/2017\/01\/logo-CRIS_web-copia-640x447.jpg 640w, http:\/\/mojateporlavida.org\/wp-content\/uploads\/2017\/01\/logo-CRIS_web-copia-768x537.jpg 768w, http:\/\/mojateporlavida.org\/wp-content\/uploads\/2017\/01\/logo-CRIS_web-copia-1280x894.jpg 1280w, http:\/\/mojateporlavida.org\/wp-content\/uploads\/2017\/01\/logo-CRIS_web-copia-320x224.jpg 320w, http:\/\/mojateporlavida.org\/wp-content\/uploads\/2017\/01\/logo-CRIS_web-copia.jpg 1546w\" sizes=\"(max-width: 295px) 100vw, 295px\" \/>Las inscripciones se abren el d\u00eda 06 de Marzo y la fecha l\u00edmite de inscripci\u00f3n de<br \/>\nlas parejas ser\u00e1 el d\u00eda 21 de Marzo de 2017 a las 00:00h.<br \/>\n\u2713 Las inscripciones se efectuar\u00e1n mandando un <strong>WhatsApp<\/strong> o llamando al <strong>625 073<\/strong><br \/>\n<strong>480<\/strong> por orden riguroso de petici\u00f3n.<br \/>\n\u2713 La inscripci\u00f3n de cada pareja ser\u00e1 firme cuando se abone la tasa de inscripci\u00f3n.<br \/>\n\u2713 El precio de la inscripci\u00f3n es de <strong>10\u20ac<\/strong> por jugador y categor\u00eda. Los jugadores que<br \/>\ndeseen jugar 2 categor\u00edas deber\u00e1n abonar la tasa correspondiente de cada<br \/>\ncategor\u00eda. El precio incluye los partidos, agua, pelotas, y un obsequio para cada<br \/>\nparticipante.<br \/>\n\u2713 La inscripci\u00f3n, una vez formalizada, no ser\u00e1 devuelta, en caso de retirada, salvo<br \/>\nsituaci\u00f3n grave (bajo justificante).<\/p>\n<\/div><\/div>\n\t\t<\/div><div class=\"tabPane\">\n\t\t\t<div class=\"tabAccordionContent\"><div class=\"btText\" ><p><img decoding=\"async\" loading=\"lazy\" class=\" wp-image-3823 alignright\" src=\"http:\/\/mojateporlavida.org\/wp-content\/uploads\/2017\/01\/logo-CRIS_web-copia-640x447.jpg\" alt=\"\" width=\"302\" height=\"211\" srcset=\"http:\/\/mojateporlavida.org\/wp-content\/uploads\/2017\/01\/logo-CRIS_web-copia-640x447.jpg 640w, http:\/\/mojateporlavida.org\/wp-content\/uploads\/2017\/01\/logo-CRIS_web-copia-768x537.jpg 768w, http:\/\/mojateporlavida.org\/wp-content\/uploads\/2017\/01\/logo-CRIS_web-copia-1280x894.jpg 1280w, http:\/\/mojateporlavida.org\/wp-content\/uploads\/2017\/01\/logo-CRIS_web-copia-320x224.jpg 320w, http:\/\/mojateporlavida.org\/wp-content\/uploads\/2017\/01\/logo-CRIS_web-copia.jpg 1546w\" sizes=\"(max-width: 302px) 100vw, 302px\" \/>\u2713 Las categor\u00edas son las siguientes :<br \/>\n&#8211; 2\u00aa Categor\u00eda Masculina.<br \/>\n&#8211; 3\u00aa Categor\u00eda Masculina<br \/>\n&#8211; 2\u00aa Categor\u00eda Femenina<br \/>\n&#8211; 3\u00aa Categor\u00eda Femenina<br \/>\n&#8211; 2\u00aa Categor\u00eda Mixta (\u00danica categor\u00eda).<br \/>\n\u2713 El l\u00edmite de parejas para cada categor\u00eda son de 8, se podr\u00e1n ampliar algunas<br \/>\ncategor\u00edas en casa de que otras tengan una escasa participaci\u00f3n.<br \/>\n\u2713 En caso de haber menos de 8 parejas por categor\u00eda, el comit\u00e9 de organizaci\u00f3n<br \/>\nvalorar\u00e1 la posibilidad de seguir adelante con la categor\u00eda o suprimirla,<br \/>\nnotificando a los participantes inscritos la cancelaci\u00f3n.<br \/>\n\u2713 Los cuadros de competici\u00f3n ser\u00e1n elaborados por el comit\u00e9 de organizaci\u00f3n del<br \/>\nClub de P\u00e1del Roquetas.<br \/>\n\u2713 Ser\u00e1 responsabilidad de cada pareja conocer los horarios que deber\u00e1 jugar. Que<br \/>\nser\u00e1n publicados el d\u00eda 22 de Marzo en:<br \/>\n1. Web de \u201c Almer\u00eda P\u00e1del\u201d<br \/>\n2. Facebook del Club de P\u00e1del Roquetas de Mar.<br \/>\n3. Plataformas habilitadas para la causa de la Plataforma \u201c M\u00f3jate por la vida\u201d<br \/>\n4. Llamando al M\u00f3vil 625 073 480<\/p>\n<\/div><\/div>\n\t\t<\/div><div class=\"tabPane\">\n\t\t\t<div class=\"tabAccordionContent\"><div class=\"btText\" ><p><img decoding=\"async\" loading=\"lazy\" class=\" wp-image-3823 alignright\" src=\"http:\/\/mojateporlavida.org\/wp-content\/uploads\/2017\/01\/logo-CRIS_web-copia-640x447.jpg\" alt=\"\" width=\"271\" height=\"189\" srcset=\"http:\/\/mojateporlavida.org\/wp-content\/uploads\/2017\/01\/logo-CRIS_web-copia-640x447.jpg 640w, http:\/\/mojateporlavida.org\/wp-content\/uploads\/2017\/01\/logo-CRIS_web-copia-768x537.jpg 768w, http:\/\/mojateporlavida.org\/wp-content\/uploads\/2017\/01\/logo-CRIS_web-copia-1280x894.jpg 1280w, http:\/\/mojateporlavida.org\/wp-content\/uploads\/2017\/01\/logo-CRIS_web-copia-320x224.jpg 320w, http:\/\/mojateporlavida.org\/wp-content\/uploads\/2017\/01\/logo-CRIS_web-copia.jpg 1546w\" sizes=\"(max-width: 271px) 100vw, 271px\" \/>\u2713 Las Reglas de Juego ser\u00e1n las establecidas por el Reglamento de la Federaci\u00f3n<br \/>\nEspa\u00f1ola de P\u00e1del. Teniendo en cuenta que es un Torneo Expr\u00e9s, el modo de<br \/>\ncompetici\u00f3n ser\u00e1 de eliminaci\u00f3n directa. No existir\u00e1 el cuadro de consolaci\u00f3n.<br \/>\nLas parejas que ganen sus partidos pasar\u00e1n a la siguiente fase, las que pierdan<br \/>\nhabr\u00e1n concluido su participaci\u00f3n.<br \/>\n\u2713 Los participantes deber\u00e1n estar disponibles para jugar durante toda la jornada,<br \/>\npor lo que en este caso, no se tendr\u00e1 en cuenta la disponibilidad horaria. El<br \/>\ncomit\u00e9 de organizaci\u00f3n har\u00e1 lo posible para adecuar los horarios a las<br \/>\nnecesidades de los participantes durante el desarrollo del torneo.<br \/>\n\u2713 Antes del primer partido los jugadores deber\u00e1n pasar por el puesto de control de<br \/>\nlas pistas para acreditar su asistencia y abonar la tasa de participaci\u00f3n, detallada<br \/>\nen el apartado \u201cINSCRIPCIONES\u201d.<br \/>\n\u2713 Si pasados 10 minutos de la hora fijada para el partido, alg\u00fan jugador de la<br \/>\npareja no est\u00e1 en la pista para jugar, se le dar\u00e1 el encuentro como perdido a dicha pareja por el resultado de 6\/0 \u2013 6\/0.<br \/>\n\u2713 La pareja ganadora de cada partido ser\u00e1 la encargada de informar a la<br \/>\norganizaci\u00f3n del resultado del partido.<br \/>\n\u2713 La duraci\u00f3n de los partidos ser\u00e1 de 1 hora. GANAR\u00c1 LA PAREJA QUE<br \/>\nCONSIGA HACER M\u00c1S JUEGOS DURANTE 1 hora,transcurrido el tiempo,<br \/>\nla pareja ganadora ser\u00e1 la que vaya ganando en el marcador. En caso de empate<br \/>\na juegos y puntos, el pase se decidir\u00e1 en un \u00fanico punto decisivo.<br \/>\n\u2713 Las finales de cada categor\u00eda se jugar\u00e1n al mejor de 3 Sets, con Tie-break, sin<br \/>\ntiempo establecido.<br \/>\n\u2713 La Organizaci\u00f3n no ser\u00e1 responsable de cualquier lesi\u00f3n que pueda haber en los<br \/>\nencuentros del Torneo<br \/>\n\u2713 Cualquier imprevisto que surja en el Torneo, la Organizaci\u00f3n tomar\u00e1 la decisi\u00f3n<br \/>\nque crea conveniente.<\/p>\n<\/div><\/div>\n\t\t<\/div><div class=\"tabPane\">\n\t\t\t<div class=\"tabAccordionContent\"><div class=\"btText\" ><p><img decoding=\"async\" loading=\"lazy\" class=\" wp-image-3823 alignright\" src=\"http:\/\/mojateporlavida.org\/wp-content\/uploads\/2017\/01\/logo-CRIS_web-copia-640x447.jpg\" alt=\"\" width=\"302\" height=\"211\" srcset=\"http:\/\/mojateporlavida.org\/wp-content\/uploads\/2017\/01\/logo-CRIS_web-copia-640x447.jpg 640w, http:\/\/mojateporlavida.org\/wp-content\/uploads\/2017\/01\/logo-CRIS_web-copia-768x537.jpg 768w, http:\/\/mojateporlavida.org\/wp-content\/uploads\/2017\/01\/logo-CRIS_web-copia-1280x894.jpg 1280w, http:\/\/mojateporlavida.org\/wp-content\/uploads\/2017\/01\/logo-CRIS_web-copia-320x224.jpg 320w, http:\/\/mojateporlavida.org\/wp-content\/uploads\/2017\/01\/logo-CRIS_web-copia.jpg 1546w\" sizes=\"(max-width: 302px) 100vw, 302px\" \/>\u2713 El reparto de premios se har\u00e1 a pie de pistas de P\u00e1del una vez finalizadas las<br \/>\nfinales de las categor\u00edas.<br \/>\n\u2713 Los premios para cada Categor\u00eda ser\u00e1n los siguientes:<br \/>\n&#8211; 2\u00aa CATEGOR\u00cdA MASCULINA<br \/>\nCAMPEONES : TROFEOS + 2 SUDADERAS SIUX + BONO 4 CLASES PADEL<br \/>\nSUBCAMPEONES: TROFEOS + 2 EQUIPACIONES ROLENN<br \/>\n&#8211; 3\u00aa CATEGOR\u00cdA MASCULINA<br \/>\nCAMPEONES : TROFEOS + 2 EQUIPACIONES SIUX + BONO 2 CLASES PADEL<br \/>\nSUBCAMPEONES: TROFEOS + 2 EQUIPACIONES KIPPER<br \/>\n&#8211; 2\u00aa CATEGOR\u00cdA FEMENINA<br \/>\nCAMPEONES : TROFEOS + 2 SUDADERAS SIUX + BONO 4 CLASES PADEL<br \/>\nSUBCAMPEONES: TROFEOS + 2 FALDAS BB<br \/>\n&#8211; 3\u00aa CATEGOR\u00cdA FEMENINA<br \/>\nCAMPEONES : TROFEOS + 2 MOCHILAS SIUX + BONO 2 CLASES PADEL<br \/>\nSUBCAMPEONES: TROFEOS + 2 MASAJES PRESOTERAPIA<br \/>\n&#8211; MIXTO (\u00daNICA CATEGOR\u00cdA)<br \/>\nCAMPEONES : TROFEOS + 2 PALETEROS PADEL SESSION + BONO 4 CLASES PADEL<br \/>\nSUBCAMPEONES: TROFEOS + 2 EQUIPACIONES I LOVE PADEL<\/p>\n<\/div><\/div>\n\t\t<\/div><\/div><\/div><\/div><\/div><\/div><\/div><\/div><\/div><\/div><\/section><section id=\"bt_section69f5dcad62d49\"  class=\"boldSection gutter\" ><div class=\"port\"><div class=\"boldCell\"><div class=\"boldCellInner\"><div class=\"boldRow \" ><div class=\"boldRowInner\"><div class=\"rowItem col-md-12 col-ms-12  btTextLeft\"  data-width=\"12\"><div class=\"rowItemContent\" ><div class=\"btClear btSeparator topSmallSpaced bottomSmallSpaced noBorder\" ><hr><\/div><div class=\"btText\" ><h2 style=\"text-align: center;\">COLABORADORES<\/h2>\n<\/div><div class=\"btClear btSeparator topSmallSpaced bottomSmallSpaced noBorder\" ><hr><\/div><div class=\"boldClientRegularList btCarouselSmallNav\"><div class=\"\"><div class=\"bclItem \"><div class=\"bclItemChild\"><img class=\"bclItemChildAspectImage\" src = \"http:\/\/mojateporlavida.org\/wp-content\/themes\/kids-club\/gfx\/aspect-square.png\" alt=\"Aspect image\"><div class=\"bclItemChildBg\" style=\"background-image:url(http:\/\/mojateporlavida.org\/wp-content\/uploads\/2017\/02\/ayto-ROQUETAS-DEPORTES.png);\"><a href=\"http:\/\/www.aytoroquetas.org\/deportes-y-tiempo-libre\"><\/a><\/div><div class=\"bclItemChildContent\"><\/div><\/div><\/div><div class=\"bclItem \"><div class=\"bclItemChild\"><img class=\"bclItemChildAspectImage\" src = \"http:\/\/mojateporlavida.org\/wp-content\/themes\/kids-club\/gfx\/aspect-square.png\" alt=\"Aspect image\"><div class=\"bclItemChildBg\" style=\"background-image:url(http:\/\/mojateporlavida.org\/wp-content\/uploads\/2017\/02\/cruz.png);\"><a href=\"http:\/\/www.cruzber.com\/\"><\/a><\/div><div class=\"bclItemChildContent\"><\/div><\/div><\/div><div class=\"bclItem \"><div class=\"bclItemChild\"><img class=\"bclItemChildAspectImage\" src = \"http:\/\/mojateporlavida.org\/wp-content\/themes\/kids-club\/gfx\/aspect-square.png\" alt=\"Aspect image\"><div class=\"bclItemChildBg\" style=\"background-image:url(http:\/\/mojateporlavida.org\/wp-content\/uploads\/2017\/02\/unnamed-1-640x567.jpg);\"><a href=\"http:\/\/redcomercial.peugeot.es\/psa-retail-almeria\"><\/a><\/div><div class=\"bclItemChildContent\"><\/div><\/div><\/div><div class=\"bclItem \"><div class=\"bclItemChild\"><img class=\"bclItemChildAspectImage\" src = \"http:\/\/mojateporlavida.org\/wp-content\/themes\/kids-club\/gfx\/aspect-square.png\" alt=\"Aspect image\"><div class=\"bclItemChildBg\" style=\"background-image:url(http:\/\/mojateporlavida.org\/wp-content\/uploads\/2017\/02\/decathlon-vi\u0301car-640x176.png);\"><a href=\"https:\/\/www.decathlon.es\/es\/store?store_id=PS_ES_59\"><\/a><\/div><div class=\"bclItemChildContent\"><\/div><\/div><\/div><div class=\"bclItem \"><div class=\"bclItemChild\"><img class=\"bclItemChildAspectImage\" src = \"http:\/\/mojateporlavida.org\/wp-content\/themes\/kids-club\/gfx\/aspect-square.png\" alt=\"Aspect image\"><div class=\"bclItemChildBg\" style=\"background-image:url(http:\/\/mojateporlavida.org\/wp-content\/uploads\/2017\/02\/logo-nutrisport-web-640x167.png);\"><a href=\"https:\/\/nutrisport.es\/\"><\/a><\/div><div class=\"bclItemChildContent\"><\/div><\/div><\/div><div class=\"bclItem \"><div class=\"bclItemChild\"><img class=\"bclItemChildAspectImage\" src = \"http:\/\/mojateporlavida.org\/wp-content\/themes\/kids-club\/gfx\/aspect-square.png\" alt=\"Aspect image\"><div class=\"bclItemChildBg\" style=\"background-image:url(http:\/\/mojateporlavida.org\/wp-content\/uploads\/2017\/02\/LOGO-RADIOMARCA-NEW-DIAL.jpg);\"><a href=\"https:\/\/www.radiomarcaalmeria.com\/\"><\/a><\/div><div class=\"bclItemChildContent\"><\/div><\/div><\/div><div class=\"bclItem \"><div class=\"bclItemChild\"><img class=\"bclItemChildAspectImage\" src = \"http:\/\/mojateporlavida.org\/wp-content\/themes\/kids-club\/gfx\/aspect-square.png\" alt=\"Aspect image\"><div class=\"bclItemChildBg\" style=\"background-image:url(http:\/\/mojateporlavida.org\/wp-content\/uploads\/2017\/02\/estrella-dam.jpg);\"><a href=\"http:\/\/www.estrelladamm.com\/es\/\"><\/a><\/div><div class=\"bclItemChildContent\"><\/div><\/div><\/div><div class=\"bclItem \"><div class=\"bclItemChild\"><img class=\"bclItemChildAspectImage\" src = \"http:\/\/mojateporlavida.org\/wp-content\/themes\/kids-club\/gfx\/aspect-square.png\" alt=\"Aspect image\"><div class=\"bclItemChildBg\" style=\"background-image:url(http:\/\/mojateporlavida.org\/wp-content\/uploads\/2017\/02\/mcdonalds-640x437.jpg);\"><a href=\"http:\/\/www.mcdonalds.es\/restaurante\/almeria\/roquetas-de-mar-centro-comercial-gran-plaza\"><\/a><\/div><div class=\"bclItemChildContent\"><\/div><\/div><\/div><div class=\"bclItem \"><div class=\"bclItemChild\"><img class=\"bclItemChildAspectImage\" src = \"http:\/\/mojateporlavida.org\/wp-content\/themes\/kids-club\/gfx\/aspect-square.png\" alt=\"Aspect image\"><div class=\"bclItemChildBg\" style=\"background-image:url(http:\/\/mojateporlavida.org\/wp-content\/uploads\/2017\/02\/Club-de-padelr.jpg);\"><a href=\"https:\/\/www.facebook.com\/clubpadelroquetas\/\"><\/a><\/div><div class=\"bclItemChildContent\"><\/div><\/div><\/div><div class=\"bclItem \"><div class=\"bclItemChild\"><img class=\"bclItemChildAspectImage\" src = \"http:\/\/mojateporlavida.org\/wp-content\/themes\/kids-club\/gfx\/aspect-square.png\" alt=\"Aspect image\"><div class=\"bclItemChildBg\" style=\"background-image:url(http:\/\/mojateporlavida.org\/wp-content\/uploads\/2017\/02\/cmf-horizontal-small-con-lema.jpg);\"><a href=\"http:\/\/www.conmasfuturo.es\/\"><\/a><\/div><div class=\"bclItemChildContent\"><\/div><\/div><\/div><\/div><\/div><div class=\"btClear btSeparator topSpaced bottomSpaced noBorder\" ><hr><\/div><\/div><\/div><\/div><\/div><\/div><\/div><\/div><\/section><section id=\"bt_section69f5dcad654de\"  class=\"boldSection topLargeSpaced bottomLargeSpaced gutter inherit\" ><div class=\"port\"><div class=\"boldCell\"><div class=\"boldCellInner\"><\/div><\/div><\/div><\/section>","protected":false},"excerpt":{"rendered":"","protected":false},"author":1,"featured_media":0,"parent":4121,"menu_order":0,"comment_status":"closed","ping_status":"closed","template":"","meta":[],"_links":{"self":[{"href":"http:\/\/mojateporlavida.org\/index.php?rest_route=\/wp\/v2\/pages\/4219"}],"collection":[{"href":"http:\/\/mojateporlavida.org\/index.php?rest_route=\/wp\/v2\/pages"}],"about":[{"href":"http:\/\/mojateporlavida.org\/index.php?rest_route=\/wp\/v2\/types\/page"}],"author":[{"embeddable":true,"href":"http:\/\/mojateporlavida.org\/index.php?rest_route=\/wp\/v2\/users\/1"}],"replies":[{"embeddable":true,"href":"http:\/\/mojateporlavida.org\/index.php?rest_route=%2Fwp%2Fv2%2Fcomments&post=4219"}],"version-history":[{"count":14,"href":"http:\/\/mojateporlavida.org\/index.php?rest_route=\/wp\/v2\/pages\/4219\/revisions"}],"predecessor-version":[{"id":4298,"href":"http:\/\/mojateporlavida.org\/index.php?rest_route=\/wp\/v2\/pages\/4219\/revisions\/4298"}],"up":[{"embeddable":true,"href":"http:\/\/mojateporlavida.org\/index.php?rest_route=\/wp\/v2\/pages\/4121"}],"wp:attachment":[{"href":"http:\/\/mojateporlavida.org\/index.php?rest_route=%2Fwp%2Fv2%2Fmedia&parent=4219"}],"curies":[{"name":"wp","href":"https:\/\/api.w.org\/{rel}","templated":true}]}}